{"id":10558,"date":"2022-03-23T11:52:52","date_gmt":"2022-03-23T11:52:52","guid":{"rendered":"https:\/\/www.wwbic.org.uk\/?page_id=10558"},"modified":"2024-01-23T16:35:20","modified_gmt":"2024-01-23T16:35:20","slug":"grwp-ystlymod-sir-caerfyrddin","status":"publish","type":"page","link":"https:\/\/www.wwbic.org.uk\/cy\/cysylltiadau-a-dolenni\/grwpiau-lleol-a-blogiau\/grwp-ystlymod-sir-caerfyrddin\/","title":{"rendered":"Gr\u0175p Ystlymod Sir Caerfyrddin"},"content":{"rendered":"<p><em><strong>Ar hyn o bryd mae CGBGC yn cynnal y dudalen hon ar ran Gr\u0175p Ystlumod Sir Gaerfyrddin.<\/strong><\/em><\/p>\n<p><em><strong>I gysylltu \u00e2 Gr\u0175p Ystlumod Sir Gaerfyrddin cysylltwch \u00e2 Steve Lucas: <a href=\"mailto:s.lucas543@btinternet.com\">s.lucas543@btinternet.com<\/a> neu <a href=\"mailto:carmsbatgroup@gmail.com\">carmsbatgroup@gmail.com<\/a>, yn hytrach na CGBGC.<\/strong><\/em><\/p>\n<p>Mae Gr\u0175p Ystlumod Sir Gaerfyrddin yn gr\u0175p bach o wirfoddolwyr, sy&#8217;n ymgymryd ag amrywiaeth o weithgareddau megis cyfrif clwydi, monitro ac arolygu yn ogystal \u00e2 theithiau cerdded ystlumod, mewn gwahanol leoliadau o amgylch Sir Gaerfyrddin. Nid ydym yn cynnal arolygon ar gyfer penderfyniadau rheoli tir megis ceisiadau cynllunio ac nid ydym ychwaith yn ymwneud \u00e2 rhoi sylwadau ar geisiadau cynllunio. Mae&#8217;r gr\u0175p ystlumod yn gysylltiedig \u00e2&#8217;r Ymddiriedolaeth Cadwraeth Ystlumod.<\/p>\n<p><strong>Nodau&#8217;r gr\u0175p<\/strong><\/p>\n<ul>\n<li>Hyrwyddo gwarchodaeth, cadwraeth a lles ystlumod, eu mannau clwydo, cynefinoedd, mannau bwydo a gaeafgysgu yn Sir Gaerfyrddin<\/li>\n<li>Addysgu\u2019r cyhoedd ac aelodau\u2019r Gr\u0175p am bob mater sy\u2019n ymwneud ag ystlumod<\/li>\n<li>Hyrwyddo hyfforddiant aelodau ar gyfer trwyddedu fel gweithwyr ystlumod gwirfoddol<\/li>\n<\/ul>\n<p><strong>Beth rydyn ni&#8217;n ei wneud<\/strong><\/p>\n<p>Mae\u2019r gr\u0175p ystlumod yn datblygu rhaglen o waith arolygu ar draws Sir Gaerfyrddin lle mae diffyg data, o arolygon uwch i arolygon acwstig a hyd yn oed gweithgareddau yn ystod y dydd fel edrych mewn hen eglwysi am arwyddion o ddefnydd ystlumod. Mae gan y gr\u0175p <a href=\"https:\/\/www.facebook.com\/groups\/1345729088857250\"><strong>dudalen Facebook<\/strong><\/a>,\u00a0lle bydd gwybodaeth am gynlluniau sydd ar ddod yn cael eu hysbysebu neu gallwch gysylltu \u00e2 <a href=\"mailto:s.lucas543@btinternet.com\"><strong>Steve Lucas<\/strong><\/a> am ragor o wybodaeth.<\/p>\n<figure class=\"alignnone\"><strong style=\"font-size: 1rem;\">Wedi dod o hyd i Ystlum Wedi&#8217;i Sail, Wedi&#8217;i Anafu neu&#8217;n S\u00e2l?<\/strong><\/figure>\n<div style=\"width: 410px\" class=\"wp-caption alignleft\"><a href=\"http:\/\/www.wwbic.org.uk\/wp-content\/uploads\/2015\/08\/bat1.jpg\"><img loading=\"lazy\" decoding=\"async\" src=\"http:\/\/www.wwbic.org.uk\/wp-content\/uploads\/2015\/08\/bat1-400x264.jpg\" alt=\"Feeding time: Copyright Peter Crome, Bat Conservation Trust\" width=\"400\" height=\"264\" \/><\/a><p class=\"wp-caption-text\"><strong>Amser bwydo: Hawlfraint Peter Crome, Ymddiriedolaeth Cadwraeth Ystlumod<\/strong><\/p><\/div>\n<p>Anaml y daw ystlumod i&#8217;r ddaear, oni bai eu bod wedi blino&#8217;n l\u00e2n, yn s\u00e2l neu wedi&#8217;u hanafu. Os byddwch yn dod ar draws ystlum daear, mae&#8217;n bwysig eich bod yn cymryd camau i gael yr ystlum i ddiogelwch ac i ffwrdd o berygl gan ysglyfaethwyr, ond hefyd i amddiffyn eich hun. Mae tystiolaeth o ddod i gysylltiad \u00e2 straen arbennig o firws y gynddaredd wedi&#8217;i chanfod mewn un rhywogaeth yn unig o ystlum, ac yna dim ond mewn ychydig iawn o ystlumod. Er bod y risg o&#8217;r gynddaredd yn fach iawn, rhaid i chi fod yn ofalus i beidio \u00e2 chael eich brathu. Fe&#8217;ch cynghorir i wisgo menig amddiffynnol a thrin yr ystlum cyn lleied \u00e2 phosibl. Rhaid i chi gael milfeddyg neu ofalwr ystlumod profiadol i weld yr ystlum.<\/p>\n<p>Os oes angen cymorth neu arweiniad arnoch, edrychwch ar <a href=\"https:\/\/www.bats.org.uk\/advice\"><strong>adran cyngor yr Ymddiriedolaeth Cadwraeth Ystlumod<\/strong><\/a>.<\/p>\n<div style=\"width: 410px\" class=\"wp-caption alignright\"><a href=\"http:\/\/www.wwbic.org.uk\/wp-content\/uploads\/2015\/08\/bat2.jpg\"><img loading=\"lazy\" decoding=\"async\" src=\"http:\/\/www.wwbic.org.uk\/wp-content\/uploads\/2015\/08\/bat2-400x299.jpg\" alt=\"Bat droppings on window Copyright Anne Youngman, Bat Conservation Trust\" width=\"400\" height=\"299\" \/><\/a><p class=\"wp-caption-text\"><strong>Baw ystlumod ar ffenestr Hawlfraint Anne Youngman, Ymddiriedolaeth Cadwraeth Ystlumod<\/strong><\/p><\/div>\n<p>&nbsp;<\/p>\n<p><strong>Ystlumod yn eich t\u0177 \u2013 problem?<\/strong><\/p>\n<p>Os oes gennych chi ystlumod yn eich t\u0177 a\u2019u bod yn achosi problem i chi, yna mae\u2019n rhaid i chi gysylltu \u00e2 <a href=\"https:\/\/naturalresources.wales\/splash?orig=\/\"><strong>Cyfoeth Naturiol Cymru<\/strong><\/a> am gyngor ffurfiol fel y gellir datrys pethau\u2019n iawn.<\/p>\n<p><strong>Ystlumod Sir Gaerfyrddin<\/strong><\/p>\n<p>Mae Sir Gaerfyrddin yn sir ag amrywiaeth o gynefinoedd: arfordir rhagorol gyda thwyni tywod, morfa heli a fflatiau llaid, aberoedd tawel, cyrsiau d\u0175r, dyffrynnoedd coediog serth ac ucheldiroedd garw gydag ogof\u00e2u. Ledled weddill y sir mae clytwaith o goetiroedd a chaeau, gyda gwrychoedd a chloddiau o&#8217;u hamgylch. Mae&#8217;r rhain i gyd yn gynefinoedd gwerthfawr i ystlumod. Mae yna lawer o hen adeiladau, ysguboriau a hen goed o fewn y dirwedd sydd wedi darparu mannau clwydo gwerthfawr dros y blynyddoedd.<\/p>\n<p>Heddiw, mae llawer o&#8217;n cynefinoedd naturiol yn dirywio, gan effeithio ar lawer o&#8217;n rhywogaethau ystlumod.<\/p>\n<p>Yn y DU, gwyddys bod 17 rhywogaeth o ystlumod yn bridio, mae 15 wedi&#8217;u cofnodi yng Nghymru, a chadarnhawyd 14 ohonynt yn Sir Gaerfyrddin. Mae Gr\u0175p Ystlumod Sir Gaerfyrddin wedi cynhyrchu asesiad o&#8217;r cofnodion rhwng 1970 a 2021 y gellir eu lawrllwytho isod. Mae dosbarthiad cofnodion o bob rhywogaeth wedi&#8217;i fapio ar gyfeiriad sgw\u00e2r 1km. Rhaid peidio \u00e2 dehongli\u2019r Atlas fel rhywbeth diffiniol neu amnewidiad ar gyfer chwiliadau data cywir gyda CGBGC, yn hytrach dylid ei weld fel canllaw gan fod cofnodion pellach yn cael eu hychwanegu\u2019n barhaus at gronfa ddata CGBGC ac fel ysgogiad ar gyfer arolwg ac ymchwil pellach. Mae&#8217;r mapiau&#8217;n dangos presenoldeb ystlumod yn unig ac yn ymwneud ag ymdrech arolwg &#8211; nid yw absenoldeb cofnodion yn golygu absenoldeb ystlumod.<\/p>\n<h5 style=\"text-align: center;\"><a href=\"https:\/\/www.wwbic.org.uk\/wp-content\/uploads\/2024\/01\/Carmarthenshire-Bat-Atlas-1970-to-2023-Final-Version-2.pdf\"><span style=\"text-decoration: underline;\"><strong>Atlas Ystlumod Sir Gaerfyrddin 2023<\/strong><\/span><\/a><a href=\"https:\/\/www.wwbic.org.uk\/wp-content\/uploads\/2022\/01\/Carmarthenshire-Bat-Atlas-2021.pdf\" rel=\"attachment wp-att-10086\"><br \/>\n<img loading=\"lazy\" decoding=\"async\" class=\"wp-image-22698 size-full aligncenter\" src=\"https:\/\/www.wwbic.org.uk\/wp-content\/uploads\/2024\/01\/Screenshot-2024-01-02-095047.png\" alt=\"\" width=\"605\" height=\"802\" srcset=\"https:\/\/www.wwbic.org.uk\/wp-content\/uploads\/2024\/01\/Screenshot-2024-01-02-095047.png 605w, https:\/\/www.wwbic.org.uk\/wp-content\/uploads\/2024\/01\/Screenshot-2024-01-02-095047-302x400.png 302w, https:\/\/www.wwbic.org.uk\/wp-content\/uploads\/2024\/01\/Screenshot-2024-01-02-095047-600x795.png 600w\" sizes=\"auto, (max-width: 605px) 100vw, 605px\" \/><\/a><\/h5>\n<figure class=\"alignnone\"><\/figure>\n<figure class=\"alignnone\"><\/figure>\n<div style=\"width: 273px\" class=\"wp-caption alignleft\"><a href=\"http:\/\/www.wwbic.org.uk\/wp-content\/uploads\/2015\/08\/Horseshoebat.jpg\"><img loading=\"lazy\" decoding=\"async\" src=\"http:\/\/www.wwbic.org.uk\/wp-content\/uploads\/2015\/08\/Horseshoebat-263x400.jpg\" alt=\"Brown long-eared bat. Copyright Hugh Clarke, Bat Conservation Trust\" width=\"263\" height=\"400\" \/><\/a><p class=\"wp-caption-text\"><strong>Ystlum hirglust brown. Hawlfraint Hugh Clarke, Ymddiriedolaeth Cadwraeth Ystlumod<\/strong><\/p><\/div>\n<p><strong>Dolenni Defnyddiol<\/strong><\/p>\n<p><a href=\"http:\/\/www.bats.org.uk\/\">Ymddiriedolaeth Cadwraeth Ystlumod<\/a><br \/>\nFf\u00f4n: 0345 1300 228<\/p>\n<p><a href=\"https:\/\/www.bats.org.uk\/advice\">Angen help gydag ystlum?<\/a><br \/>\nFf\u00f4n: 0345 1300 228<\/p>\n<p><a href=\"https:\/\/www.facebook.com\/groups\/1345729088857250\">Tudalen Facebook Gr\u0175p Ystlumod Sir Gaerfyrddin<\/a><\/p>\n<p><a href=\"http:\/\/www.carmarthenshirebiodiversity.co.uk\/\">Partneriaeth Bioamrywiaeth Sir Gaerfyrddin\u00a0<\/a><\/p>\n<p><a href=\"http:\/\/www.welshwildlife.org\/\">Ymddiriedolaeth Natur De a Gorllewin Cymru<\/a><\/p>\n<p><a href=\"https:\/\/naturalresources.wales\/splash?orig=\/\">Cyfoeth Naturiol Cymru<\/a><\/p>\n<p>&nbsp;<\/p>\n<p>&nbsp;<\/p>\n<p>Cynhelir gan Ganolfan Gwybodaeth Bioamrywiaeth Gorllewin Cymru<\/p>\n","protected":false},"excerpt":{"rendered":"<p>Ar hyn o bryd mae CGBGC yn cynnal y dudalen hon ar ran Gr\u0175p Ystlumod Sir Gaerfyrddin. I gysylltu \u00e2 Gr\u0175p Ystlumod Sir Gaerfyrddin cysylltwch \u00e2 Steve Lucas: s.lucas543@btinternet.com neu carmsbatgroup@gmail.com, yn hytrach na CGBGC. Mae Gr\u0175p Ystlumod Sir Gaerfyrddin yn gr\u0175p bach o wirfoddolwyr, sy&#8217;n ymgymryd ag amrywiaeth o weithgareddau megis cyfrif clwydi, monitro &hellip; <a href=\"https:\/\/www.wwbic.org.uk\/cy\/cysylltiadau-a-dolenni\/grwpiau-lleol-a-blogiau\/grwp-ystlymod-sir-caerfyrddin\/\" class=\"more-link\">Continue reading <span class=\"screen-reader-text\">Gr\u0175p Ystlymod Sir Caerfyrddin<\/span> <span class=\"meta-nav\">&raquo;<\/span><\/a><\/p>\n","protected":false},"author":7,"featured_media":0,"parent":10512,"menu_order":0,"comment_status":"closed","ping_status":"closed","template":"page-templates\/full-width.php","meta":{"footnotes":""},"class_list":["post-10558","page","type-page","status-publish","hentry"],"yoast_head":"<!-- This site is optimized with the Yoast SEO plugin v27.4 - https:\/\/yoast.com\/product\/yoast-seo-wordpress\/ -->\n<title>Gr\u0175p Ystlymod Sir Caerfyrddin - Canolfan Gwybodaeth Bioamrywiaeth Gorllewin Cymru<\/title>\n<meta name=\"robots\" content=\"index, follow, max-snippet:-1, max-image-preview:large, max-video-preview:-1\" \/>\n<link rel=\"canonical\" href=\"https:\/\/www.wwbic.org.uk\/cy\/cysylltiadau-a-dolenni\/grwpiau-lleol-a-blogiau\/grwp-ystlymod-sir-caerfyrddin\/\" \/>\n<meta property=\"og:locale\" content=\"cy_GB\" \/>\n<meta property=\"og:type\" content=\"article\" \/>\n<meta property=\"og:title\" content=\"Gr\u0175p Ystlymod Sir Caerfyrddin - Canolfan Gwybodaeth Bioamrywiaeth Gorllewin Cymru\" \/>\n<meta property=\"og:description\" content=\"Ar hyn o bryd mae CGBGC yn cynnal y dudalen hon ar ran Gr\u0175p Ystlumod Sir Gaerfyrddin. I gysylltu \u00e2 Gr\u0175p Ystlumod Sir Gaerfyrddin cysylltwch \u00e2 Steve Lucas: s.lucas543@btinternet.com neu carmsbatgroup@gmail.com, yn hytrach na CGBGC. Mae Gr\u0175p Ystlumod Sir Gaerfyrddin yn gr\u0175p bach o wirfoddolwyr, sy&#8217;n ymgymryd ag amrywiaeth o weithgareddau megis cyfrif clwydi, monitro &hellip; Continue reading Gr\u0175p Ystlymod Sir Caerfyrddin &raquo;\" \/>\n<meta property=\"og:url\" content=\"https:\/\/www.wwbic.org.uk\/cy\/cysylltiadau-a-dolenni\/grwpiau-lleol-a-blogiau\/grwp-ystlymod-sir-caerfyrddin\/\" \/>\n<meta property=\"og:site_name\" content=\"Canolfan Gwybodaeth Bioamrywiaeth Gorllewin Cymru\" \/>\n<meta property=\"article:modified_time\" content=\"2024-01-23T16:35:20+00:00\" \/>\n<meta property=\"og:image\" content=\"http:\/\/www.wwbic.org.uk\/wp-content\/uploads\/2015\/08\/bat1-400x264.jpg\" \/>\n<meta name=\"twitter:label1\" content=\"Est. reading time\" \/>\n\t<meta name=\"twitter:data1\" content=\"4 minutes\" \/>\n<script type=\"application\/ld+json\" class=\"yoast-schema-graph\">{\"@context\":\"https:\\\/\\\/schema.org\",\"@graph\":[{\"@type\":\"WebPage\",\"@id\":\"https:\\\/\\\/www.wwbic.org.uk\\\/cy\\\/cysylltiadau-a-dolenni\\\/grwpiau-lleol-a-blogiau\\\/grwp-ystlymod-sir-caerfyrddin\\\/\",\"url\":\"https:\\\/\\\/www.wwbic.org.uk\\\/cy\\\/cysylltiadau-a-dolenni\\\/grwpiau-lleol-a-blogiau\\\/grwp-ystlymod-sir-caerfyrddin\\\/\",\"name\":\"Gr\u0175p Ystlymod Sir Caerfyrddin - Canolfan Gwybodaeth Bioamrywiaeth Gorllewin Cymru\",\"isPartOf\":{\"@id\":\"https:\\\/\\\/www.wwbic.org.uk\\\/#website\"},\"primaryImageOfPage\":{\"@id\":\"https:\\\/\\\/www.wwbic.org.uk\\\/cy\\\/cysylltiadau-a-dolenni\\\/grwpiau-lleol-a-blogiau\\\/grwp-ystlymod-sir-caerfyrddin\\\/#primaryimage\"},\"image\":{\"@id\":\"https:\\\/\\\/www.wwbic.org.uk\\\/cy\\\/cysylltiadau-a-dolenni\\\/grwpiau-lleol-a-blogiau\\\/grwp-ystlymod-sir-caerfyrddin\\\/#primaryimage\"},\"thumbnailUrl\":\"http:\\\/\\\/www.wwbic.org.uk\\\/wp-content\\\/uploads\\\/2015\\\/08\\\/bat1-400x264.jpg\",\"datePublished\":\"2022-03-23T11:52:52+00:00\",\"dateModified\":\"2024-01-23T16:35:20+00:00\",\"breadcrumb\":{\"@id\":\"https:\\\/\\\/www.wwbic.org.uk\\\/cy\\\/cysylltiadau-a-dolenni\\\/grwpiau-lleol-a-blogiau\\\/grwp-ystlymod-sir-caerfyrddin\\\/#breadcrumb\"},\"inLanguage\":\"cy-GB\",\"potentialAction\":[{\"@type\":\"ReadAction\",\"target\":[\"https:\\\/\\\/www.wwbic.org.uk\\\/cy\\\/cysylltiadau-a-dolenni\\\/grwpiau-lleol-a-blogiau\\\/grwp-ystlymod-sir-caerfyrddin\\\/\"]}]},{\"@type\":\"ImageObject\",\"inLanguage\":\"cy-GB\",\"@id\":\"https:\\\/\\\/www.wwbic.org.uk\\\/cy\\\/cysylltiadau-a-dolenni\\\/grwpiau-lleol-a-blogiau\\\/grwp-ystlymod-sir-caerfyrddin\\\/#primaryimage\",\"url\":\"http:\\\/\\\/www.wwbic.org.uk\\\/wp-content\\\/uploads\\\/2015\\\/08\\\/bat1-400x264.jpg\",\"contentUrl\":\"http:\\\/\\\/www.wwbic.org.uk\\\/wp-content\\\/uploads\\\/2015\\\/08\\\/bat1-400x264.jpg\"},{\"@type\":\"BreadcrumbList\",\"@id\":\"https:\\\/\\\/www.wwbic.org.uk\\\/cy\\\/cysylltiadau-a-dolenni\\\/grwpiau-lleol-a-blogiau\\\/grwp-ystlymod-sir-caerfyrddin\\\/#breadcrumb\",\"itemListElement\":[{\"@type\":\"ListItem\",\"position\":1,\"name\":\"Home\",\"item\":\"https:\\\/\\\/www.wwbic.org.uk\\\/cy\\\/\"},{\"@type\":\"ListItem\",\"position\":2,\"name\":\"Cysylltiadau a Dolenni\",\"item\":\"https:\\\/\\\/www.wwbic.org.uk\\\/cy\\\/cysylltiadau-a-dolenni\\\/\"},{\"@type\":\"ListItem\",\"position\":3,\"name\":\"Gr\u0175piau Lleol a Blogiau\",\"item\":\"https:\\\/\\\/www.wwbic.org.uk\\\/cy\\\/cysylltiadau-a-dolenni\\\/grwpiau-lleol-a-blogiau\\\/\"},{\"@type\":\"ListItem\",\"position\":4,\"name\":\"Gr\u0175p Ystlymod Sir Caerfyrddin\"}]},{\"@type\":\"WebSite\",\"@id\":\"https:\\\/\\\/www.wwbic.org.uk\\\/#website\",\"url\":\"https:\\\/\\\/www.wwbic.org.uk\\\/\",\"name\":\"Canolfan Gwybodaeth Bioamrywiaeth Gorllewin Cymru\",\"description\":\"\",\"publisher\":{\"@id\":\"https:\\\/\\\/www.wwbic.org.uk\\\/#organization\"},\"potentialAction\":[{\"@type\":\"SearchAction\",\"target\":{\"@type\":\"EntryPoint\",\"urlTemplate\":\"https:\\\/\\\/www.wwbic.org.uk\\\/?s={search_term_string}\"},\"query-input\":{\"@type\":\"PropertyValueSpecification\",\"valueRequired\":true,\"valueName\":\"search_term_string\"}}],\"inLanguage\":\"cy-GB\"},{\"@type\":\"Organization\",\"@id\":\"https:\\\/\\\/www.wwbic.org.uk\\\/#organization\",\"name\":\"WWBIC\",\"url\":\"https:\\\/\\\/www.wwbic.org.uk\\\/\",\"logo\":{\"@type\":\"ImageObject\",\"inLanguage\":\"cy-GB\",\"@id\":\"https:\\\/\\\/www.wwbic.org.uk\\\/#\\\/schema\\\/logo\\\/image\\\/\",\"url\":\"https:\\\/\\\/www.wwbic.org.uk\\\/wp-content\\\/uploads\\\/2015\\\/03\\\/WWBIC-logo-w-text.png\",\"contentUrl\":\"https:\\\/\\\/www.wwbic.org.uk\\\/wp-content\\\/uploads\\\/2015\\\/03\\\/WWBIC-logo-w-text.png\",\"width\":138,\"height\":140,\"caption\":\"WWBIC\"},\"image\":{\"@id\":\"https:\\\/\\\/www.wwbic.org.uk\\\/#\\\/schema\\\/logo\\\/image\\\/\"}}]}<\/script>\n<!-- \/ Yoast SEO plugin. -->","yoast_head_json":{"title":"Gr\u0175p Ystlymod Sir Caerfyrddin - Canolfan Gwybodaeth Bioamrywiaeth Gorllewin Cymru","robots":{"index":"index","follow":"follow","max-snippet":"max-snippet:-1","max-image-preview":"max-image-preview:large","max-video-preview":"max-video-preview:-1"},"canonical":"https:\/\/www.wwbic.org.uk\/cy\/cysylltiadau-a-dolenni\/grwpiau-lleol-a-blogiau\/grwp-ystlymod-sir-caerfyrddin\/","og_locale":"cy_GB","og_type":"article","og_title":"Gr\u0175p Ystlymod Sir Caerfyrddin - Canolfan Gwybodaeth Bioamrywiaeth Gorllewin Cymru","og_description":"Ar hyn o bryd mae CGBGC yn cynnal y dudalen hon ar ran Gr\u0175p Ystlumod Sir Gaerfyrddin. I gysylltu \u00e2 Gr\u0175p Ystlumod Sir Gaerfyrddin cysylltwch \u00e2 Steve Lucas: s.lucas543@btinternet.com neu carmsbatgroup@gmail.com, yn hytrach na CGBGC. Mae Gr\u0175p Ystlumod Sir Gaerfyrddin yn gr\u0175p bach o wirfoddolwyr, sy&#8217;n ymgymryd ag amrywiaeth o weithgareddau megis cyfrif clwydi, monitro &hellip; Continue reading Gr\u0175p Ystlymod Sir Caerfyrddin &raquo;","og_url":"https:\/\/www.wwbic.org.uk\/cy\/cysylltiadau-a-dolenni\/grwpiau-lleol-a-blogiau\/grwp-ystlymod-sir-caerfyrddin\/","og_site_name":"Canolfan Gwybodaeth Bioamrywiaeth Gorllewin Cymru","article_modified_time":"2024-01-23T16:35:20+00:00","og_image":[{"url":"http:\/\/www.wwbic.org.uk\/wp-content\/uploads\/2015\/08\/bat1-400x264.jpg","type":"","width":"","height":""}],"twitter_misc":{"Est. reading time":"4 minutes"},"schema":{"@context":"https:\/\/schema.org","@graph":[{"@type":"WebPage","@id":"https:\/\/www.wwbic.org.uk\/cy\/cysylltiadau-a-dolenni\/grwpiau-lleol-a-blogiau\/grwp-ystlymod-sir-caerfyrddin\/","url":"https:\/\/www.wwbic.org.uk\/cy\/cysylltiadau-a-dolenni\/grwpiau-lleol-a-blogiau\/grwp-ystlymod-sir-caerfyrddin\/","name":"Gr\u0175p Ystlymod Sir Caerfyrddin - Canolfan Gwybodaeth Bioamrywiaeth Gorllewin Cymru","isPartOf":{"@id":"https:\/\/www.wwbic.org.uk\/#website"},"primaryImageOfPage":{"@id":"https:\/\/www.wwbic.org.uk\/cy\/cysylltiadau-a-dolenni\/grwpiau-lleol-a-blogiau\/grwp-ystlymod-sir-caerfyrddin\/#primaryimage"},"image":{"@id":"https:\/\/www.wwbic.org.uk\/cy\/cysylltiadau-a-dolenni\/grwpiau-lleol-a-blogiau\/grwp-ystlymod-sir-caerfyrddin\/#primaryimage"},"thumbnailUrl":"http:\/\/www.wwbic.org.uk\/wp-content\/uploads\/2015\/08\/bat1-400x264.jpg","datePublished":"2022-03-23T11:52:52+00:00","dateModified":"2024-01-23T16:35:20+00:00","breadcrumb":{"@id":"https:\/\/www.wwbic.org.uk\/cy\/cysylltiadau-a-dolenni\/grwpiau-lleol-a-blogiau\/grwp-ystlymod-sir-caerfyrddin\/#breadcrumb"},"inLanguage":"cy-GB","potentialAction":[{"@type":"ReadAction","target":["https:\/\/www.wwbic.org.uk\/cy\/cysylltiadau-a-dolenni\/grwpiau-lleol-a-blogiau\/grwp-ystlymod-sir-caerfyrddin\/"]}]},{"@type":"ImageObject","inLanguage":"cy-GB","@id":"https:\/\/www.wwbic.org.uk\/cy\/cysylltiadau-a-dolenni\/grwpiau-lleol-a-blogiau\/grwp-ystlymod-sir-caerfyrddin\/#primaryimage","url":"http:\/\/www.wwbic.org.uk\/wp-content\/uploads\/2015\/08\/bat1-400x264.jpg","contentUrl":"http:\/\/www.wwbic.org.uk\/wp-content\/uploads\/2015\/08\/bat1-400x264.jpg"},{"@type":"BreadcrumbList","@id":"https:\/\/www.wwbic.org.uk\/cy\/cysylltiadau-a-dolenni\/grwpiau-lleol-a-blogiau\/grwp-ystlymod-sir-caerfyrddin\/#breadcrumb","itemListElement":[{"@type":"ListItem","position":1,"name":"Home","item":"https:\/\/www.wwbic.org.uk\/cy\/"},{"@type":"ListItem","position":2,"name":"Cysylltiadau a Dolenni","item":"https:\/\/www.wwbic.org.uk\/cy\/cysylltiadau-a-dolenni\/"},{"@type":"ListItem","position":3,"name":"Gr\u0175piau Lleol a Blogiau","item":"https:\/\/www.wwbic.org.uk\/cy\/cysylltiadau-a-dolenni\/grwpiau-lleol-a-blogiau\/"},{"@type":"ListItem","position":4,"name":"Gr\u0175p Ystlymod Sir Caerfyrddin"}]},{"@type":"WebSite","@id":"https:\/\/www.wwbic.org.uk\/#website","url":"https:\/\/www.wwbic.org.uk\/","name":"Canolfan Gwybodaeth Bioamrywiaeth Gorllewin Cymru","description":"","publisher":{"@id":"https:\/\/www.wwbic.org.uk\/#organization"},"potentialAction":[{"@type":"SearchAction","target":{"@type":"EntryPoint","urlTemplate":"https:\/\/www.wwbic.org.uk\/?s={search_term_string}"},"query-input":{"@type":"PropertyValueSpecification","valueRequired":true,"valueName":"search_term_string"}}],"inLanguage":"cy-GB"},{"@type":"Organization","@id":"https:\/\/www.wwbic.org.uk\/#organization","name":"WWBIC","url":"https:\/\/www.wwbic.org.uk\/","logo":{"@type":"ImageObject","inLanguage":"cy-GB","@id":"https:\/\/www.wwbic.org.uk\/#\/schema\/logo\/image\/","url":"https:\/\/www.wwbic.org.uk\/wp-content\/uploads\/2015\/03\/WWBIC-logo-w-text.png","contentUrl":"https:\/\/www.wwbic.org.uk\/wp-content\/uploads\/2015\/03\/WWBIC-logo-w-text.png","width":138,"height":140,"caption":"WWBIC"},"image":{"@id":"https:\/\/www.wwbic.org.uk\/#\/schema\/logo\/image\/"}}]}},"_links":{"self":[{"href":"https:\/\/www.wwbic.org.uk\/cy\/wp-json\/wp\/v2\/pages\/10558","targetHints":{"allow":["GET"]}}],"collection":[{"href":"https:\/\/www.wwbic.org.uk\/cy\/wp-json\/wp\/v2\/pages"}],"about":[{"href":"https:\/\/www.wwbic.org.uk\/cy\/wp-json\/wp\/v2\/types\/page"}],"author":[{"embeddable":true,"href":"https:\/\/www.wwbic.org.uk\/cy\/wp-json\/wp\/v2\/users\/7"}],"replies":[{"embeddable":true,"href":"https:\/\/www.wwbic.org.uk\/cy\/wp-json\/wp\/v2\/comments?post=10558"}],"version-history":[{"count":8,"href":"https:\/\/www.wwbic.org.uk\/cy\/wp-json\/wp\/v2\/pages\/10558\/revisions"}],"predecessor-version":[{"id":23064,"href":"https:\/\/www.wwbic.org.uk\/cy\/wp-json\/wp\/v2\/pages\/10558\/revisions\/23064"}],"up":[{"embeddable":true,"href":"https:\/\/www.wwbic.org.uk\/cy\/wp-json\/wp\/v2\/pages\/10512"}],"wp:attachment":[{"href":"https:\/\/www.wwbic.org.uk\/cy\/wp-json\/wp\/v2\/media?parent=10558"}],"curies":[{"name":"wp","href":"https:\/\/api.w.org\/{rel}","templated":true}]}}