{"id":1592,"date":"2014-04-28T19:14:24","date_gmt":"2014-04-28T19:14:24","guid":{"rendered":"https:\/\/www.wwbic.org.uk\/gwasanaethau\/"},"modified":"2014-04-28T19:14:24","modified_gmt":"2014-04-28T19:14:24","slug":"gwasanaethau","status":"publish","type":"page","link":"https:\/\/www.wwbic.org.uk\/cy\/ymholiadau-data\/gwasanaethau\/","title":{"rendered":"Gwasanaethau"},"content":{"rendered":"<h2>Gwasanaeth Ymholiadau Bioamrywiaeth<\/h2>\n<p>Cyfle i chwilio mewn ardal ddaearyddol benodol. Mae\u2019n cynnwys adroddiad ar rywogaethau, cynefinoedd a data safle penodol a lleol, wedi\u2019u categoreiddio i ddilyn sawl statws a gydnabyddir yn Rhyngwladol, yn Ewropeaidd, yn genedlaethol ac yn lleol.<\/p>\n<p>Pwyntiau arddangos plotiau GIS (e.e. ar gyfer lleoliad rhywogaethau), neu bolygonau (e.e. ar gyfer mathau o gynefinoedd). <\/p>\n<p><div class=\"row \"><div class=\"columns large-6 small-12 medium-6   \">\n<h2>Gwasanaeth Gwirio Rhestri Cynllunio<\/h2>\n<figure class=\"alignright\"><img loading=\"lazy\" decoding=\"async\" class=\"alignnone\" src=\"http:\/\/wwbic.org.uk\/wp-content\/uploads\/2014\/04\/Bugle-200x200.jpg\" alt=\"Bugle\" width=\"200\" height=\"200\" \/><\/figure>\n<p>Mae awdurdodau cynllunio\u2019n gallu cyflwyno ceisiadau neu restri penodol o\u2019r holl geisiadau cynllunio am archwiliadau bioamrywiaeth, i gyfres benodol o feini prawf, i gynnwys rhywogaethau, safleoedd ac archwiliadau byrion ar gynefinoedd.<\/p>\n<p>Gellir ymestyn y gwasanaeth hwn ar gyfer archwiliadau Cynllun Datblygu Lleol.<\/p><\/div>\n<div class=\"columns large-6 small-12 medium-6   \">\n<h2>Haenau rhybudd GIS<\/h2>\n<figure class=\"alignright\"><img loading=\"lazy\" decoding=\"async\" class=\"alignnone\" src=\"http:\/\/wwbic.org.uk\/wp-content\/uploads\/2014\/04\/25.orange-tip-200x200.jpg\" alt=\"Orange Tip Butterfly\" width=\"200\" height=\"200\" \/><\/figure>\n<p>Mae modd cyflenwi is-adran o rywogaethau a data safle a gedwir gan y Canolfannau Cofnodi Lleol fel Haenau Rhybudd, drwy Gytundeb Trwydded Data sydd wedi\u2019i greu\u2019n benodol i ddiwallu anghenion cwsmeriaid. Mae\u2019r rhain yn cael eu cadw ar gael ar system TG y cwsmeriaid a gellir eu mapio ar y mapiau sylfaen OS gan ddefnyddio amrywiaeth o feddalwedd GIS. <\/p>\n<p>Fel rhan o\u2019r gwasanaeth, mae CGBGC yn gallu cyflwyno diweddariadau rheolaidd, bob chwarter neu 6 mis fel rheol, i\u2019r cwsmer. Bydd y diweddariadau hyn yn cynnwys unrhyw ychwanegiadau a wneir i\u2019r bas data cofnodi. Mae modd darparu hwn fel gwasanaeth unigol neu gan Ganolfannau Cofnodi Lleol Cymru.        <\/p><\/div>\n<\/div><br \/>\n<div class=\"row \"><div class=\"columns large-6 small-12 medium-6   \">\n<h2>Rheoli data<\/h2>\n<figure class=\"alignright\"><img loading=\"lazy\" decoding=\"async\" class=\"alignnone\" src=\"http:\/\/wwbic.org.uk\/wp-content\/uploads\/2014\/04\/9.maybe-common-darter-200x200.jpg\" alt=\"9.maybe common darter\" width=\"200\" height=\"200\" \/><\/figure>\n<p>Casglu a rheoli data am rywogaethau a chynefinoedd i gynnwys cyfnewid data gyda chofnodwyr VC ar gyfer dilysu a rheoli\u2019r data sy\u2019n cael eu cyfnewid gyda Phorth NBN.<\/p><\/div>\n<div class=\"columns large-6 small-12 medium-6   \">\n<h2>Gwasanaeth digideiddio<\/h2>\n<figure class=\"alignright\"><img loading=\"lazy\" decoding=\"async\" class=\"alignnone\" src=\"http:\/\/wwbic.org.uk\/wp-content\/uploads\/2014\/04\/Garden-Tiger-moth-larvaArctia-caja-200x200.jpg\" alt=\"Tiger Moth Larva\" width=\"200\" height=\"200\" \/><\/figure>\n<ul>\n<li>Digideiddio data cynefinoedd Cam 1\/NVC neu ffiniau safleoedd yn fformat GIS.\n<\/li>\n<li>Bwydo cofnodion am rywogaethau o fformat papur i fformat electronig.<\/li>\n<li>Adfer data a gedwir mewn fformatau electronig sydd wedi dod i ben. <\/li>\n<\/ul>\n<p><\/p><\/div>\n<\/div><br \/>\n<div class=\"row \"><div class=\"columns large-6 small-12 medium-6   \">\n<h2>Dosbarthiad rhywogaethau<\/h2>\n<figure class=\"alignright\"><img loading=\"lazy\" decoding=\"async\" class=\"alignnone\" src=\"http:\/\/wwbic.org.uk\/wp-content\/uploads\/2014\/04\/8.common-blue-200x200.jpg\" alt=\"Common Blue\" width=\"200\" height=\"200\" \/><\/figure>\n<p>Mapiau\u2019n dangos dosbarthiad rhywogaeth unigol neu gr\u0175p tacson yn \u00f4l sgw\u00e2r grid.<\/p><\/div>\n<div class=\"columns large-6 small-12 medium-6   \">\n<h2>Dadansoddi a Modelu Data GIS<\/h2>\n<ul class=\"styled_ul\">\n<li>Asesiad Bioamrywiaeth lle mae data sy\u2019n defnyddio ystod o nodweddion yn cael eu cyfuno i greu un haen rhybudd yn priodoli\u2019r gwerth bioamrywiaeth cyffredinol.<\/li>\n<li>Modelu cysylltedd a darnio cynefinoedd.<\/li>\n<li>Modelu metaboblogaeth a thebygolrwydd y bodoli.<\/li>\n<li>Dadansoddiad hydrolegol (modelu symudiad d\u0175r ar draws arwyneb).<\/li>\n<li>Dadansoddi erydiad (modelu\u2019r erydu a\u2019r gwaddodi ar draws arwyneb).<\/li>\n<\/ul>\n<p><\/p><\/div>\n<\/div><\/p>\n<div class=\"panel   \"><div class=\"row \">\n<div class=\"columns large-6 small-12 medium-6   \">\n<h5>\n<h3>Adroddiadau Prosiectau CGBGC<\/h3>\n<p><\/p><\/h5>\n<p>\n<a href=\"http:\/\/wwbic.org.uk\/wp-content\/uploads\/2014\/04\/natural_capital_audit_volume_1.pdf\">Archwiliad Cyfalaf Naturiol PLANED \u2013 Sir Benfro<\/a><\/p>\n<p><a href=\"http:\/\/wwbic.org.uk\/wp-content\/uploads\/2014\/04\/natural-cpital-audit_volume_2_carmarthen.pdf\">Archwiliad Cyfalaf Naturiol PLANED \u2013 Sir Gaerfyrddin<\/a><\/p>\n<p><a href=\"http:\/\/wwbic.org.uk\/wp-content\/uploads\/2014\/04\/natural-capital-audit_volume_2_appendices.pdf\">Archwiliad Cyfalaf Naturiol PLANED \u2013 Atodiadau<\/a><\/p>\n<\/div>\n<div class=\"columns large-6 small-12 medium-6   \">\n<h5>\n<h3>Esiamplau o Astudiaethau Achos<\/h3>\n<p><\/p><\/h5>\n<p>\n<a href=\"http:\/\/wwbic.org.uk\/wp-content\/uploads\/2014\/04\/wwbic-case-study-mid-quality-2.pdf\">Asesiadau Bioamrywiaeth ar gyfer Cynllunio Ymlaen Llaw<\/a><br \/>\nAstudiaeth o Gysylltedd Bioamrywiaeth ac Ecolegol mewn Aneddiadau yn Sir Gaerfyrddin.<\/p>\n<\/div>\n<\/div>\n<\/div>\n","protected":false},"excerpt":{"rendered":"<p>Gwasanaeth Ymholiadau Bioamrywiaeth Cyfle i chwilio mewn ardal ddaearyddol benodol. Mae\u2019n cynnwys adroddiad ar rywogaethau, cynefinoedd a data safle penodol a lleol, wedi\u2019u categoreiddio i ddilyn sawl statws a gydnabyddir yn Rhyngwladol, yn Ewropeaidd, yn genedlaethol ac yn lleol. Pwyntiau arddangos plotiau GIS (e.e. ar gyfer lleoliad rhywogaethau), neu bolygonau (e.e. ar gyfer mathau o &hellip; <a href=\"https:\/\/www.wwbic.org.uk\/cy\/ymholiadau-data\/gwasanaethau\/\" class=\"more-link\">Continue reading <span class=\"screen-reader-text\">Gwasanaethau<\/span> <span class=\"meta-nav\">&raquo;<\/span><\/a><\/p>\n","protected":false},"author":1,"featured_media":1702,"parent":1590,"menu_order":0,"comment_status":"closed","ping_status":"open","template":"page-templates\/full-width.php","meta":{"footnotes":""},"class_list":["post-1592","page","type-page","status-publish","has-post-thumbnail","hentry"],"yoast_head":"<!-- This site is optimized with the Yoast SEO plugin v27.3 - https:\/\/yoast.com\/product\/yoast-seo-wordpress\/ -->\n<title>Gwasanaethau - Canolfan Gwybodaeth Bioamrywiaeth Gorllewin Cymru<\/title>\n<meta name=\"robots\" content=\"index, follow, max-snippet:-1, max-image-preview:large, max-video-preview:-1\" \/>\n<link rel=\"canonical\" href=\"https:\/\/www.wwbic.org.uk\/our-services\/\" \/>\n<meta property=\"og:locale\" content=\"cy_GB\" \/>\n<meta property=\"og:type\" content=\"article\" \/>\n<meta property=\"og:title\" content=\"Gwasanaethau - Canolfan Gwybodaeth Bioamrywiaeth Gorllewin Cymru\" \/>\n<meta property=\"og:description\" content=\"Gwasanaeth Ymholiadau Bioamrywiaeth Cyfle i chwilio mewn ardal ddaearyddol benodol. Mae\u2019n cynnwys adroddiad ar rywogaethau, cynefinoedd a data safle penodol a lleol, wedi\u2019u categoreiddio i ddilyn sawl statws a gydnabyddir yn Rhyngwladol, yn Ewropeaidd, yn genedlaethol ac yn lleol. Pwyntiau arddangos plotiau GIS (e.e. ar gyfer lleoliad rhywogaethau), neu bolygonau (e.e. ar gyfer mathau o &hellip; Continue reading Gwasanaethau &raquo;\" \/>\n<meta property=\"og:url\" content=\"https:\/\/www.wwbic.org.uk\/our-services\/\" \/>\n<meta property=\"og:site_name\" content=\"Canolfan Gwybodaeth Bioamrywiaeth Gorllewin Cymru\" \/>\n<meta property=\"og:image\" content=\"https:\/\/www.wwbic.org.uk\/wp-content\/uploads\/2014\/04\/Bugle-600x401.jpg\" \/>\n\t<meta property=\"og:image:width\" content=\"600\" \/>\n\t<meta property=\"og:image:height\" content=\"401\" \/>\n\t<meta property=\"og:image:type\" content=\"image\/jpeg\" \/>\n<meta name=\"twitter:label1\" content=\"Est. reading time\" \/>\n\t<meta name=\"twitter:data1\" content=\"2 minutes\" \/>\n<script type=\"application\/ld+json\" class=\"yoast-schema-graph\">{\"@context\":\"https:\\\/\\\/schema.org\",\"@graph\":[{\"@type\":\"WebPage\",\"@id\":\"https:\\\/\\\/www.wwbic.org.uk\\\/our-services\\\/\",\"url\":\"https:\\\/\\\/www.wwbic.org.uk\\\/our-services\\\/\",\"name\":\"Gwasanaethau - Canolfan Gwybodaeth Bioamrywiaeth Gorllewin Cymru\",\"isPartOf\":{\"@id\":\"https:\\\/\\\/www.wwbic.org.uk\\\/#website\"},\"primaryImageOfPage\":{\"@id\":\"https:\\\/\\\/www.wwbic.org.uk\\\/our-services\\\/#primaryimage\"},\"image\":{\"@id\":\"https:\\\/\\\/www.wwbic.org.uk\\\/our-services\\\/#primaryimage\"},\"thumbnailUrl\":\"https:\\\/\\\/www.wwbic.org.uk\\\/wp-content\\\/uploads\\\/2014\\\/04\\\/Bugle.jpg\",\"datePublished\":\"2014-04-28T19:14:24+00:00\",\"breadcrumb\":{\"@id\":\"https:\\\/\\\/www.wwbic.org.uk\\\/our-services\\\/#breadcrumb\"},\"inLanguage\":\"cy-GB\",\"potentialAction\":[{\"@type\":\"ReadAction\",\"target\":[\"https:\\\/\\\/www.wwbic.org.uk\\\/our-services\\\/\"]}]},{\"@type\":\"ImageObject\",\"inLanguage\":\"cy-GB\",\"@id\":\"https:\\\/\\\/www.wwbic.org.uk\\\/our-services\\\/#primaryimage\",\"url\":\"https:\\\/\\\/www.wwbic.org.uk\\\/wp-content\\\/uploads\\\/2014\\\/04\\\/Bugle.jpg\",\"contentUrl\":\"https:\\\/\\\/www.wwbic.org.uk\\\/wp-content\\\/uploads\\\/2014\\\/04\\\/Bugle.jpg\",\"width\":3872,\"height\":2592},{\"@type\":\"BreadcrumbList\",\"@id\":\"https:\\\/\\\/www.wwbic.org.uk\\\/our-services\\\/#breadcrumb\",\"itemListElement\":[{\"@type\":\"ListItem\",\"position\":1,\"name\":\"Home\",\"item\":\"https:\\\/\\\/www.wwbic.org.uk\\\/cy\\\/\"},{\"@type\":\"ListItem\",\"position\":2,\"name\":\"Gwasanaethau\"}]},{\"@type\":\"WebSite\",\"@id\":\"https:\\\/\\\/www.wwbic.org.uk\\\/#website\",\"url\":\"https:\\\/\\\/www.wwbic.org.uk\\\/\",\"name\":\"Canolfan Gwybodaeth Bioamrywiaeth Gorllewin Cymru\",\"description\":\"\",\"publisher\":{\"@id\":\"https:\\\/\\\/www.wwbic.org.uk\\\/#organization\"},\"potentialAction\":[{\"@type\":\"SearchAction\",\"target\":{\"@type\":\"EntryPoint\",\"urlTemplate\":\"https:\\\/\\\/www.wwbic.org.uk\\\/?s={search_term_string}\"},\"query-input\":{\"@type\":\"PropertyValueSpecification\",\"valueRequired\":true,\"valueName\":\"search_term_string\"}}],\"inLanguage\":\"cy-GB\"},{\"@type\":\"Organization\",\"@id\":\"https:\\\/\\\/www.wwbic.org.uk\\\/#organization\",\"name\":\"WWBIC\",\"url\":\"https:\\\/\\\/www.wwbic.org.uk\\\/\",\"logo\":{\"@type\":\"ImageObject\",\"inLanguage\":\"cy-GB\",\"@id\":\"https:\\\/\\\/www.wwbic.org.uk\\\/#\\\/schema\\\/logo\\\/image\\\/\",\"url\":\"https:\\\/\\\/www.wwbic.org.uk\\\/wp-content\\\/uploads\\\/2015\\\/03\\\/WWBIC-logo-w-text.png\",\"contentUrl\":\"https:\\\/\\\/www.wwbic.org.uk\\\/wp-content\\\/uploads\\\/2015\\\/03\\\/WWBIC-logo-w-text.png\",\"width\":138,\"height\":140,\"caption\":\"WWBIC\"},\"image\":{\"@id\":\"https:\\\/\\\/www.wwbic.org.uk\\\/#\\\/schema\\\/logo\\\/image\\\/\"}}]}<\/script>\n<!-- \/ Yoast SEO plugin. -->","yoast_head_json":{"title":"Gwasanaethau - Canolfan Gwybodaeth Bioamrywiaeth Gorllewin Cymru","robots":{"index":"index","follow":"follow","max-snippet":"max-snippet:-1","max-image-preview":"max-image-preview:large","max-video-preview":"max-video-preview:-1"},"canonical":"https:\/\/www.wwbic.org.uk\/our-services\/","og_locale":"cy_GB","og_type":"article","og_title":"Gwasanaethau - Canolfan Gwybodaeth Bioamrywiaeth Gorllewin Cymru","og_description":"Gwasanaeth Ymholiadau Bioamrywiaeth Cyfle i chwilio mewn ardal ddaearyddol benodol. Mae\u2019n cynnwys adroddiad ar rywogaethau, cynefinoedd a data safle penodol a lleol, wedi\u2019u categoreiddio i ddilyn sawl statws a gydnabyddir yn Rhyngwladol, yn Ewropeaidd, yn genedlaethol ac yn lleol. Pwyntiau arddangos plotiau GIS (e.e. ar gyfer lleoliad rhywogaethau), neu bolygonau (e.e. ar gyfer mathau o &hellip; Continue reading Gwasanaethau &raquo;","og_url":"https:\/\/www.wwbic.org.uk\/our-services\/","og_site_name":"Canolfan Gwybodaeth Bioamrywiaeth Gorllewin Cymru","og_image":[{"width":600,"height":401,"url":"https:\/\/www.wwbic.org.uk\/wp-content\/uploads\/2014\/04\/Bugle-600x401.jpg","type":"image\/jpeg"}],"twitter_misc":{"Est. reading time":"2 minutes"},"schema":{"@context":"https:\/\/schema.org","@graph":[{"@type":"WebPage","@id":"https:\/\/www.wwbic.org.uk\/our-services\/","url":"https:\/\/www.wwbic.org.uk\/our-services\/","name":"Gwasanaethau - Canolfan Gwybodaeth Bioamrywiaeth Gorllewin Cymru","isPartOf":{"@id":"https:\/\/www.wwbic.org.uk\/#website"},"primaryImageOfPage":{"@id":"https:\/\/www.wwbic.org.uk\/our-services\/#primaryimage"},"image":{"@id":"https:\/\/www.wwbic.org.uk\/our-services\/#primaryimage"},"thumbnailUrl":"https:\/\/www.wwbic.org.uk\/wp-content\/uploads\/2014\/04\/Bugle.jpg","datePublished":"2014-04-28T19:14:24+00:00","breadcrumb":{"@id":"https:\/\/www.wwbic.org.uk\/our-services\/#breadcrumb"},"inLanguage":"cy-GB","potentialAction":[{"@type":"ReadAction","target":["https:\/\/www.wwbic.org.uk\/our-services\/"]}]},{"@type":"ImageObject","inLanguage":"cy-GB","@id":"https:\/\/www.wwbic.org.uk\/our-services\/#primaryimage","url":"https:\/\/www.wwbic.org.uk\/wp-content\/uploads\/2014\/04\/Bugle.jpg","contentUrl":"https:\/\/www.wwbic.org.uk\/wp-content\/uploads\/2014\/04\/Bugle.jpg","width":3872,"height":2592},{"@type":"BreadcrumbList","@id":"https:\/\/www.wwbic.org.uk\/our-services\/#breadcrumb","itemListElement":[{"@type":"ListItem","position":1,"name":"Home","item":"https:\/\/www.wwbic.org.uk\/cy\/"},{"@type":"ListItem","position":2,"name":"Gwasanaethau"}]},{"@type":"WebSite","@id":"https:\/\/www.wwbic.org.uk\/#website","url":"https:\/\/www.wwbic.org.uk\/","name":"Canolfan Gwybodaeth Bioamrywiaeth Gorllewin Cymru","description":"","publisher":{"@id":"https:\/\/www.wwbic.org.uk\/#organization"},"potentialAction":[{"@type":"SearchAction","target":{"@type":"EntryPoint","urlTemplate":"https:\/\/www.wwbic.org.uk\/?s={search_term_string}"},"query-input":{"@type":"PropertyValueSpecification","valueRequired":true,"valueName":"search_term_string"}}],"inLanguage":"cy-GB"},{"@type":"Organization","@id":"https:\/\/www.wwbic.org.uk\/#organization","name":"WWBIC","url":"https:\/\/www.wwbic.org.uk\/","logo":{"@type":"ImageObject","inLanguage":"cy-GB","@id":"https:\/\/www.wwbic.org.uk\/#\/schema\/logo\/image\/","url":"https:\/\/www.wwbic.org.uk\/wp-content\/uploads\/2015\/03\/WWBIC-logo-w-text.png","contentUrl":"https:\/\/www.wwbic.org.uk\/wp-content\/uploads\/2015\/03\/WWBIC-logo-w-text.png","width":138,"height":140,"caption":"WWBIC"},"image":{"@id":"https:\/\/www.wwbic.org.uk\/#\/schema\/logo\/image\/"}}]}},"_links":{"self":[{"href":"https:\/\/www.wwbic.org.uk\/cy\/wp-json\/wp\/v2\/pages\/1592","targetHints":{"allow":["GET"]}}],"collection":[{"href":"https:\/\/www.wwbic.org.uk\/cy\/wp-json\/wp\/v2\/pages"}],"about":[{"href":"https:\/\/www.wwbic.org.uk\/cy\/wp-json\/wp\/v2\/types\/page"}],"author":[{"embeddable":true,"href":"https:\/\/www.wwbic.org.uk\/cy\/wp-json\/wp\/v2\/users\/1"}],"replies":[{"embeddable":true,"href":"https:\/\/www.wwbic.org.uk\/cy\/wp-json\/wp\/v2\/comments?post=1592"}],"version-history":[{"count":0,"href":"https:\/\/www.wwbic.org.uk\/cy\/wp-json\/wp\/v2\/pages\/1592\/revisions"}],"up":[{"embeddable":true,"href":"https:\/\/www.wwbic.org.uk\/cy\/wp-json\/wp\/v2\/pages\/1590"}],"wp:featuredmedia":[{"embeddable":true,"href":"https:\/\/www.wwbic.org.uk\/cy\/wp-json\/wp\/v2\/media\/1702"}],"wp:attachment":[{"href":"https:\/\/www.wwbic.org.uk\/cy\/wp-json\/wp\/v2\/media?parent=1592"}],"curies":[{"name":"wp","href":"https:\/\/api.w.org\/{rel}","templated":true}]}}