{"id":1604,"date":"2014-05-15T17:12:27","date_gmt":"2014-05-15T17:12:27","guid":{"rendered":"https:\/\/www.wwbic.org.uk\/staff-cgbgc\/"},"modified":"2024-01-23T16:22:59","modified_gmt":"2024-01-23T16:22:59","slug":"staff-cgbgc","status":"publish","type":"page","link":"https:\/\/www.wwbic.org.uk\/cy\/pwy-ydym-ni\/staff-cgbgc\/","title":{"rendered":"Staff CGBGC"},"content":{"rendered":"<h2><\/h2>\n<p><img loading=\"lazy\" decoding=\"async\" class=\"alignleft wp-image-23060 size-full\" src=\"https:\/\/www.wwbic.org.uk\/wp-content\/uploads\/2024\/01\/DSC00410-scaled.jpg\" alt=\"\" width=\"2560\" height=\"1439\" srcset=\"https:\/\/www.wwbic.org.uk\/wp-content\/uploads\/2024\/01\/DSC00410-scaled.jpg 2560w, https:\/\/www.wwbic.org.uk\/wp-content\/uploads\/2024\/01\/DSC00410-400x225.jpg 400w, https:\/\/www.wwbic.org.uk\/wp-content\/uploads\/2024\/01\/DSC00410-600x337.jpg 600w, https:\/\/www.wwbic.org.uk\/wp-content\/uploads\/2024\/01\/DSC00410-768x432.jpg 768w, https:\/\/www.wwbic.org.uk\/wp-content\/uploads\/2024\/01\/DSC00410-1536x863.jpg 1536w, https:\/\/www.wwbic.org.uk\/wp-content\/uploads\/2024\/01\/DSC00410-2048x1151.jpg 2048w, https:\/\/www.wwbic.org.uk\/wp-content\/uploads\/2024\/01\/DSC00410-685x385.jpg 685w, https:\/\/www.wwbic.org.uk\/wp-content\/uploads\/2024\/01\/DSC00410-1024x576.jpg 1024w\" sizes=\"auto, (max-width: 2560px) 100vw, 2560px\" \/><\/p>\n<h2>Colin Russell, Rheolwr y Ganolfan<\/h2>\n<figure class=\"alignright\"><\/figure>\n<p>Ymunodd Colin \u00e2 CGBGC yn 2008 ac mae ei gyfrifoldebau, yn ogystal \u00e2 rheoli pob agwedd ar y ganolfan, yn cynnwys cysylltu \u00e2 phartneriaid cyllido CGBGC a\u2019r tair Canolfan Gofnodi Leol arall ledled Cymru. Mae safle CGBGC yn y rhwydwaith clos hwn o Ganolfannau\u2019n golygu ei fod ef, fel rheolwr, yn gallu gwneud defnydd o\u2019r profiad sydd ar gael yn y canolfannau eraill, a\u2019i fod yn gallu cyfrannu ar lefel strategol at gyflwyno gwybodaeth bioamrywiaeth o\u2019r safon uchaf er lles y cyhoedd.<\/p>\n<p>Mae gan Colin radd mewn s\u0175oleg ac mae wrth ei fodd gyda chefn gwlad. Mae ei hob\u00efau dros y blynyddoedd wedi mynd ag o allan i\u2019r awyr agored i ddringo, syrffio ac, yn ddiweddar, hwylio o amgylch arfordir Sir Benfro a Dyfrffordd Haven.<\/p>\n<h2>Kate Smith, Uwch Rheolwr Data<\/h2>\n<figure class=\"alignright\"><\/figure>\n<p>Ymunodd Kate \u00e2 CGBGC yn 2006 ac mae\u2019n gyfrifol am reoli ein bas data o gofnodion biolegol. Mae gan Kate r\u00f4l allweddol mewn cynnal safon uchel y wybodaeth bioamrywiaeth rydyn ni\u2019n gallu ei darparu. Fel rhan o\u2019r r\u00f4l hon, mae\u2019n gweithio\u2019n agos \u00e2 chofnodwyr biolegol gwirfoddol a phroffesiynol yn ein rhanbarth, i gasglu, rheoli a dilysu gwybodaeth am rywogaethau.<\/p>\n<p>Mae hob\u00efau Kate yn cynnwys teithio, cerdded a ffotograffiaeth. Mae llawer o\u2019r lluniau rydych chi\u2019n eu gweld ar y wefan yn waith Kate o Orllewin Cymru. Mae wrth ei bodd gyda byd natur, bywyd gwyllt a chadwraeth natur, ac mae\u2019n llawn edmygedd o bobl sydd ag amser a gwybodaeth i wneud cofnodion biolegol mor fanwl gywir a gofalus.<\/p>\n<h2>Yusef Samari, Swyddog GIS<\/h2>\n<p>Ymunodd Yusef \u00e2 CGBGC ym mis Hydref 2019 ac mae&#8217;n gyfirifol am ymholiadau data, GIS a gwasanaethau mapio, dadansoddiadau data a gwaith prosiect. Mae ganddo BSc mewn Ecoleg o Brifysgol Efrog ac eisioes wedi gweithio am Ganolfan Ecoleg a Hydroleg, ar brosiectau monitro bioamrywiaeth tymor hir yn yr Alban.<\/p>\n<p>Mae diddordebau Yusef yn cynnwys ceisio dysgu gormod o bethau newydd ar unwaith. Mae ganddo ddiddordeb eang ym mhob agwedd o fioleg a hanes natur. Yn ei amser hamdden mae&#8217;n hoffi chwarae git\u00e2r, dysgu rhaglennu cyfrifiadurol ac mae&#8217;n hunan-astudio mathemateg Safon Uwch am hwyl.<\/p>\n<h2>Carys May, Swyddog Gwybodaeth Bioamrywiaeth a Chyfathrebu<\/h2>\n<p>&nbsp;<\/p>\n<h2>Laura Moss, Cynorthwydd Gwybodaeth Bioamrywiaeth<\/h2>\n<p>Ymunodd Laura \u00e2 CGBGC yn 2021 fel Cynorthwyydd Gwybodaeth Bioamrywiaeth. Mae hi&#8217;n gofiadur brwd gyda diddordeb eang mewn byd natur. Mae&#8217;n byw ar dyddyn lle mae&#8217;n ceisio gwella&#8217;r cynefin a chynyddu bioamrywiaeth. Mae hi\u2019n aelod gweithgar o gr\u0175p llywio Gr\u0175p Dolydd Sir Gaerfyrddin ac yn rhedeg y prosiect Big Meadow Search.<\/p>\n<h3>Cyfarwyddwr CGBGC\u00a0 <!-- This site is optimized with the Yoast SEO plugin v4.4 - https:\/\/yoast.com\/wordpress\/plugins\/seo\/ --><\/h3>\n<div class=\"off-canvas-wrap\" data-offcanvas=\"\">\n<div class=\"inner-wrap\">\n<div class=\"content_container\">\n<section class=\"content_wrap row\">\n<div id=\"content\" class=\"medium-12 large-12 columns\">\n<article id=\"post-75\" class=\"post-75 page type-page status-publish hentry\">\n<div class=\"entry-content\">\n<ul>\n<li>Jane Hodges (Chair)<\/li>\n<li>Nigel Ajax-Lewis (Secretary)<\/li>\n<li>Annie Haycock<\/li>\n<li>Bob Haycock<\/li>\n<li>Trevor Theobald<\/li>\n<li>Lizzie Wilberforce<\/li>\n<li>Huw Jones<\/li>\n<li>Chloe Griffiths<\/li>\n<li>Diana Clark<\/li>\n<\/ul>\n<\/div>\n<\/article>\n<\/div>\n<\/section>\n<\/div>\n<\/div>\n<\/div>\n<p>Fe hoffai CGBGC recriwtio cyfarwyddwyr newydd i\u2019r bwrdd. Byddem yn falch iawn o groesawu pobl o gefndir busnes a TG. Os ydych chi\u2019n credu bod gennych chi\u2019r profiad a\u2019r sgiliau priodol i fod yn ased i\u2019r cwmni, ac os hoffech chi gyfrannu at y gwaith rydyn ni\u2019n ei wneud fel cyfarwyddwr gwirfoddol, cofiwch gysylltu \u00e2\u2019r rheolwr, Colin Russell <a href=\"mailto:colin@westwalesbiodiversity.org.uk\">colin@westwalesbiodiversity.org.uk<\/a><\/p>\n","protected":false},"excerpt":{"rendered":"<p>Colin Russell, Rheolwr y Ganolfan Ymunodd Colin \u00e2 CGBGC yn 2008 ac mae ei gyfrifoldebau, yn ogystal \u00e2 rheoli pob agwedd ar y ganolfan, yn cynnwys cysylltu \u00e2 phartneriaid cyllido CGBGC a\u2019r tair Canolfan Gofnodi Leol arall ledled Cymru. Mae safle CGBGC yn y rhwydwaith clos hwn o Ganolfannau\u2019n golygu ei fod ef, fel rheolwr, &hellip; <a href=\"https:\/\/www.wwbic.org.uk\/cy\/pwy-ydym-ni\/staff-cgbgc\/\" class=\"more-link\">Continue reading <span class=\"screen-reader-text\">Staff CGBGC<\/span> <span class=\"meta-nav\">&raquo;<\/span><\/a><\/p>\n","protected":false},"author":1,"featured_media":0,"parent":11014,"menu_order":1,"comment_status":"closed","ping_status":"open","template":"page-templates\/full-width.php","meta":{"footnotes":""},"class_list":["post-1604","page","type-page","status-publish","hentry"],"yoast_head":"<!-- This site is optimized with the Yoast SEO plugin v27.3 - https:\/\/yoast.com\/product\/yoast-seo-wordpress\/ -->\n<title>Staff CGBGC - Canolfan Gwybodaeth Bioamrywiaeth Gorllewin Cymru<\/title>\n<meta name=\"robots\" content=\"index, follow, max-snippet:-1, max-image-preview:large, max-video-preview:-1\" \/>\n<link rel=\"canonical\" href=\"https:\/\/www.wwbic.org.uk\/cy\/pwy-ydym-ni\/staff-cgbgc\/\" \/>\n<meta property=\"og:locale\" content=\"cy_GB\" \/>\n<meta property=\"og:type\" content=\"article\" \/>\n<meta property=\"og:title\" content=\"Staff CGBGC - Canolfan Gwybodaeth Bioamrywiaeth Gorllewin Cymru\" \/>\n<meta property=\"og:description\" content=\"Colin Russell, Rheolwr y Ganolfan Ymunodd Colin \u00e2 CGBGC yn 2008 ac mae ei gyfrifoldebau, yn ogystal \u00e2 rheoli pob agwedd ar y ganolfan, yn cynnwys cysylltu \u00e2 phartneriaid cyllido CGBGC a\u2019r tair Canolfan Gofnodi Leol arall ledled Cymru. Mae safle CGBGC yn y rhwydwaith clos hwn o Ganolfannau\u2019n golygu ei fod ef, fel rheolwr, &hellip; Continue reading Staff CGBGC &raquo;\" \/>\n<meta property=\"og:url\" content=\"https:\/\/www.wwbic.org.uk\/cy\/pwy-ydym-ni\/staff-cgbgc\/\" \/>\n<meta property=\"og:site_name\" content=\"Canolfan Gwybodaeth Bioamrywiaeth Gorllewin Cymru\" \/>\n<meta property=\"article:modified_time\" content=\"2024-01-23T16:22:59+00:00\" \/>\n<meta property=\"og:image\" content=\"https:\/\/www.wwbic.org.uk\/wp-content\/uploads\/2024\/01\/DSC00410-scaled.jpg\" \/>\n<meta name=\"twitter:label1\" content=\"Est. reading time\" \/>\n\t<meta name=\"twitter:data1\" content=\"3 minutes\" \/>\n<script type=\"application\/ld+json\" class=\"yoast-schema-graph\">{\"@context\":\"https:\\\/\\\/schema.org\",\"@graph\":[{\"@type\":\"WebPage\",\"@id\":\"https:\\\/\\\/www.wwbic.org.uk\\\/cy\\\/pwy-ydym-ni\\\/staff-cgbgc\\\/\",\"url\":\"https:\\\/\\\/www.wwbic.org.uk\\\/cy\\\/pwy-ydym-ni\\\/staff-cgbgc\\\/\",\"name\":\"Staff CGBGC - Canolfan Gwybodaeth Bioamrywiaeth Gorllewin Cymru\",\"isPartOf\":{\"@id\":\"https:\\\/\\\/www.wwbic.org.uk\\\/#website\"},\"primaryImageOfPage\":{\"@id\":\"https:\\\/\\\/www.wwbic.org.uk\\\/cy\\\/pwy-ydym-ni\\\/staff-cgbgc\\\/#primaryimage\"},\"image\":{\"@id\":\"https:\\\/\\\/www.wwbic.org.uk\\\/cy\\\/pwy-ydym-ni\\\/staff-cgbgc\\\/#primaryimage\"},\"thumbnailUrl\":\"https:\\\/\\\/www.wwbic.org.uk\\\/wp-content\\\/uploads\\\/2024\\\/01\\\/DSC00410-scaled.jpg\",\"datePublished\":\"2014-05-15T17:12:27+00:00\",\"dateModified\":\"2024-01-23T16:22:59+00:00\",\"breadcrumb\":{\"@id\":\"https:\\\/\\\/www.wwbic.org.uk\\\/cy\\\/pwy-ydym-ni\\\/staff-cgbgc\\\/#breadcrumb\"},\"inLanguage\":\"cy-GB\",\"potentialAction\":[{\"@type\":\"ReadAction\",\"target\":[\"https:\\\/\\\/www.wwbic.org.uk\\\/cy\\\/pwy-ydym-ni\\\/staff-cgbgc\\\/\"]}]},{\"@type\":\"ImageObject\",\"inLanguage\":\"cy-GB\",\"@id\":\"https:\\\/\\\/www.wwbic.org.uk\\\/cy\\\/pwy-ydym-ni\\\/staff-cgbgc\\\/#primaryimage\",\"url\":\"https:\\\/\\\/www.wwbic.org.uk\\\/wp-content\\\/uploads\\\/2024\\\/01\\\/DSC00410-scaled.jpg\",\"contentUrl\":\"https:\\\/\\\/www.wwbic.org.uk\\\/wp-content\\\/uploads\\\/2024\\\/01\\\/DSC00410-scaled.jpg\"},{\"@type\":\"BreadcrumbList\",\"@id\":\"https:\\\/\\\/www.wwbic.org.uk\\\/cy\\\/pwy-ydym-ni\\\/staff-cgbgc\\\/#breadcrumb\",\"itemListElement\":[{\"@type\":\"ListItem\",\"position\":1,\"name\":\"Home\",\"item\":\"https:\\\/\\\/www.wwbic.org.uk\\\/cy\\\/\"},{\"@type\":\"ListItem\",\"position\":2,\"name\":\"Amdanom Ni\",\"item\":\"https:\\\/\\\/www.wwbic.org.uk\\\/who-we-are\\\/\"},{\"@type\":\"ListItem\",\"position\":3,\"name\":\"Staff CGBGC\"}]},{\"@type\":\"WebSite\",\"@id\":\"https:\\\/\\\/www.wwbic.org.uk\\\/#website\",\"url\":\"https:\\\/\\\/www.wwbic.org.uk\\\/\",\"name\":\"Canolfan Gwybodaeth Bioamrywiaeth Gorllewin Cymru\",\"description\":\"\",\"publisher\":{\"@id\":\"https:\\\/\\\/www.wwbic.org.uk\\\/#organization\"},\"potentialAction\":[{\"@type\":\"SearchAction\",\"target\":{\"@type\":\"EntryPoint\",\"urlTemplate\":\"https:\\\/\\\/www.wwbic.org.uk\\\/?s={search_term_string}\"},\"query-input\":{\"@type\":\"PropertyValueSpecification\",\"valueRequired\":true,\"valueName\":\"search_term_string\"}}],\"inLanguage\":\"cy-GB\"},{\"@type\":\"Organization\",\"@id\":\"https:\\\/\\\/www.wwbic.org.uk\\\/#organization\",\"name\":\"WWBIC\",\"url\":\"https:\\\/\\\/www.wwbic.org.uk\\\/\",\"logo\":{\"@type\":\"ImageObject\",\"inLanguage\":\"cy-GB\",\"@id\":\"https:\\\/\\\/www.wwbic.org.uk\\\/#\\\/schema\\\/logo\\\/image\\\/\",\"url\":\"https:\\\/\\\/www.wwbic.org.uk\\\/wp-content\\\/uploads\\\/2015\\\/03\\\/WWBIC-logo-w-text.png\",\"contentUrl\":\"https:\\\/\\\/www.wwbic.org.uk\\\/wp-content\\\/uploads\\\/2015\\\/03\\\/WWBIC-logo-w-text.png\",\"width\":138,\"height\":140,\"caption\":\"WWBIC\"},\"image\":{\"@id\":\"https:\\\/\\\/www.wwbic.org.uk\\\/#\\\/schema\\\/logo\\\/image\\\/\"}}]}<\/script>\n<!-- \/ Yoast SEO plugin. -->","yoast_head_json":{"title":"Staff CGBGC - Canolfan Gwybodaeth Bioamrywiaeth Gorllewin Cymru","robots":{"index":"index","follow":"follow","max-snippet":"max-snippet:-1","max-image-preview":"max-image-preview:large","max-video-preview":"max-video-preview:-1"},"canonical":"https:\/\/www.wwbic.org.uk\/cy\/pwy-ydym-ni\/staff-cgbgc\/","og_locale":"cy_GB","og_type":"article","og_title":"Staff CGBGC - Canolfan Gwybodaeth Bioamrywiaeth Gorllewin Cymru","og_description":"Colin Russell, Rheolwr y Ganolfan Ymunodd Colin \u00e2 CGBGC yn 2008 ac mae ei gyfrifoldebau, yn ogystal \u00e2 rheoli pob agwedd ar y ganolfan, yn cynnwys cysylltu \u00e2 phartneriaid cyllido CGBGC a\u2019r tair Canolfan Gofnodi Leol arall ledled Cymru. Mae safle CGBGC yn y rhwydwaith clos hwn o Ganolfannau\u2019n golygu ei fod ef, fel rheolwr, &hellip; Continue reading Staff CGBGC &raquo;","og_url":"https:\/\/www.wwbic.org.uk\/cy\/pwy-ydym-ni\/staff-cgbgc\/","og_site_name":"Canolfan Gwybodaeth Bioamrywiaeth Gorllewin Cymru","article_modified_time":"2024-01-23T16:22:59+00:00","og_image":[{"url":"https:\/\/www.wwbic.org.uk\/wp-content\/uploads\/2024\/01\/DSC00410-scaled.jpg","type":"","width":"","height":""}],"twitter_misc":{"Est. reading time":"3 minutes"},"schema":{"@context":"https:\/\/schema.org","@graph":[{"@type":"WebPage","@id":"https:\/\/www.wwbic.org.uk\/cy\/pwy-ydym-ni\/staff-cgbgc\/","url":"https:\/\/www.wwbic.org.uk\/cy\/pwy-ydym-ni\/staff-cgbgc\/","name":"Staff CGBGC - Canolfan Gwybodaeth Bioamrywiaeth Gorllewin Cymru","isPartOf":{"@id":"https:\/\/www.wwbic.org.uk\/#website"},"primaryImageOfPage":{"@id":"https:\/\/www.wwbic.org.uk\/cy\/pwy-ydym-ni\/staff-cgbgc\/#primaryimage"},"image":{"@id":"https:\/\/www.wwbic.org.uk\/cy\/pwy-ydym-ni\/staff-cgbgc\/#primaryimage"},"thumbnailUrl":"https:\/\/www.wwbic.org.uk\/wp-content\/uploads\/2024\/01\/DSC00410-scaled.jpg","datePublished":"2014-05-15T17:12:27+00:00","dateModified":"2024-01-23T16:22:59+00:00","breadcrumb":{"@id":"https:\/\/www.wwbic.org.uk\/cy\/pwy-ydym-ni\/staff-cgbgc\/#breadcrumb"},"inLanguage":"cy-GB","potentialAction":[{"@type":"ReadAction","target":["https:\/\/www.wwbic.org.uk\/cy\/pwy-ydym-ni\/staff-cgbgc\/"]}]},{"@type":"ImageObject","inLanguage":"cy-GB","@id":"https:\/\/www.wwbic.org.uk\/cy\/pwy-ydym-ni\/staff-cgbgc\/#primaryimage","url":"https:\/\/www.wwbic.org.uk\/wp-content\/uploads\/2024\/01\/DSC00410-scaled.jpg","contentUrl":"https:\/\/www.wwbic.org.uk\/wp-content\/uploads\/2024\/01\/DSC00410-scaled.jpg"},{"@type":"BreadcrumbList","@id":"https:\/\/www.wwbic.org.uk\/cy\/pwy-ydym-ni\/staff-cgbgc\/#breadcrumb","itemListElement":[{"@type":"ListItem","position":1,"name":"Home","item":"https:\/\/www.wwbic.org.uk\/cy\/"},{"@type":"ListItem","position":2,"name":"Amdanom Ni","item":"https:\/\/www.wwbic.org.uk\/who-we-are\/"},{"@type":"ListItem","position":3,"name":"Staff CGBGC"}]},{"@type":"WebSite","@id":"https:\/\/www.wwbic.org.uk\/#website","url":"https:\/\/www.wwbic.org.uk\/","name":"Canolfan Gwybodaeth Bioamrywiaeth Gorllewin Cymru","description":"","publisher":{"@id":"https:\/\/www.wwbic.org.uk\/#organization"},"potentialAction":[{"@type":"SearchAction","target":{"@type":"EntryPoint","urlTemplate":"https:\/\/www.wwbic.org.uk\/?s={search_term_string}"},"query-input":{"@type":"PropertyValueSpecification","valueRequired":true,"valueName":"search_term_string"}}],"inLanguage":"cy-GB"},{"@type":"Organization","@id":"https:\/\/www.wwbic.org.uk\/#organization","name":"WWBIC","url":"https:\/\/www.wwbic.org.uk\/","logo":{"@type":"ImageObject","inLanguage":"cy-GB","@id":"https:\/\/www.wwbic.org.uk\/#\/schema\/logo\/image\/","url":"https:\/\/www.wwbic.org.uk\/wp-content\/uploads\/2015\/03\/WWBIC-logo-w-text.png","contentUrl":"https:\/\/www.wwbic.org.uk\/wp-content\/uploads\/2015\/03\/WWBIC-logo-w-text.png","width":138,"height":140,"caption":"WWBIC"},"image":{"@id":"https:\/\/www.wwbic.org.uk\/#\/schema\/logo\/image\/"}}]}},"_links":{"self":[{"href":"https:\/\/www.wwbic.org.uk\/cy\/wp-json\/wp\/v2\/pages\/1604","targetHints":{"allow":["GET"]}}],"collection":[{"href":"https:\/\/www.wwbic.org.uk\/cy\/wp-json\/wp\/v2\/pages"}],"about":[{"href":"https:\/\/www.wwbic.org.uk\/cy\/wp-json\/wp\/v2\/types\/page"}],"author":[{"embeddable":true,"href":"https:\/\/www.wwbic.org.uk\/cy\/wp-json\/wp\/v2\/users\/1"}],"replies":[{"embeddable":true,"href":"https:\/\/www.wwbic.org.uk\/cy\/wp-json\/wp\/v2\/comments?post=1604"}],"version-history":[{"count":8,"href":"https:\/\/www.wwbic.org.uk\/cy\/wp-json\/wp\/v2\/pages\/1604\/revisions"}],"predecessor-version":[{"id":23062,"href":"https:\/\/www.wwbic.org.uk\/cy\/wp-json\/wp\/v2\/pages\/1604\/revisions\/23062"}],"up":[{"embeddable":true,"href":"https:\/\/www.wwbic.org.uk\/cy\/wp-json\/wp\/v2\/pages\/11014"}],"wp:attachment":[{"href":"https:\/\/www.wwbic.org.uk\/cy\/wp-json\/wp\/v2\/media?parent=1604"}],"curies":[{"name":"wp","href":"https:\/\/api.w.org\/{rel}","templated":true}]}}