{"id":7043,"date":"2021-05-11T13:21:20","date_gmt":"2021-05-11T13:21:20","guid":{"rendered":"https:\/\/www.wwbic.org.uk\/?page_id=7043"},"modified":"2021-05-11T13:23:36","modified_gmt":"2021-05-11T13:23:36","slug":"cofnodwch-eich-gweliad-helys-pigog","status":"publish","type":"page","link":"https:\/\/www.wwbic.org.uk\/cy\/cofnodi-bywyd-gwyllt\/cofnodwch-eich-gweliad-helys-pigog\/","title":{"rendered":"Cofnodwch eich gweliad Helys Pigog"},"content":{"rendered":"<div class=\"row\">\r\n  <div class=\"columns medium-4 medium-push-8\">\r\n<div id=\"attachment_6974\" style=\"width: 410px\" class=\"wp-caption alignnone\"><img loading=\"lazy\" decoding=\"async\" aria-describedby=\"caption-attachment-6974\" src=\"https:\/\/www.wwbic.org.uk\/wp-content\/uploads\/2021\/05\/Prickly-Saltwort-Judith-Oakley_resized_1-400x327.jpg\" alt=\"\" width=\"400\" height=\"327\" class=\"size-medium wp-image-6974\" srcset=\"https:\/\/www.wwbic.org.uk\/wp-content\/uploads\/2021\/05\/Prickly-Saltwort-Judith-Oakley_resized_1-400x327.jpg 400w, https:\/\/www.wwbic.org.uk\/wp-content\/uploads\/2021\/05\/Prickly-Saltwort-Judith-Oakley_resized_1.jpg 600w\" sizes=\"auto, (max-width: 400px) 100vw, 400px\" \/><p id=\"caption-attachment-6974\" class=\"wp-caption-text\">Prickly Saltwort<\/p><\/div>\r\n  <\/div>\r\n  \r\n  <div class=\"columns medium-8 medium-pull-4\">\r\n<form enctype=\"multipart\/form-data\" id=\"cred_form_7031_1_1\" class=\"cred-form cred-keep-original\" action=\"\/cy\/wp-json\/wp\/v2\/pages\/7043?_tt=1776356269\" data-form=\"{&quot;form_id&quot;:&quot;cred_form_7031_1_1&quot;,&quot;use_ajax&quot;:&quot;0&quot;,&quot;wpv_page&quot;:1}\" data-conditionals=\"[]\" method=\"post\">\r\n\t<div id=\"wpt-form-message-7031\"\n\t\t\t              data-message-single=\"The post was not saved because of the following problem:\"\n\t\t\t              data-message-plural=\"The post was not saved because of the following %NN problems:\"\n\t\t\t              style=\"display:none;\" class=\"wpt-top-form-error wpt-form-error wpt-form-error-wrapper alert alert-danger alert alert-warning\"><\/div>\r\n\t<div class=\"form-group\">\r\n\t\t<label>Eich Enw*<\/label>\r\n\t\t<div class=\"js-wpt-field-items js-wpt-repetitive wpt-repetitive\" data-initial-conditional=\"\" data-item_name=\"textfield-wpcf-your-name\">\r\n<input type=\"text\" id=\"cred_form_7031_1_1_your-name\" name=\"wpcf-your-name\" value=\"\" class=\"form-control wpt-form-textfield form-textfield textfield\" output=\"bootstrap\" preset_value=\"\" urlparam=\"\" preview=\"\" previewsize=\"\" select_label=\"\" edit_label=\"\" value_escape=\"\" make_readonly=\"\" placeholder=\"\" select_text=\"\" data-wpt-validate=\"{&quot;required&quot;:{&quot;args&quot;:{&quot;1&quot;:true},&quot;message&quot;:&quot;This field is required.&quot;}}\" data-wpt-field-title=\"Your Name\" data-parsley-required=\"true\" data-parsley-required-message=\"This field is required.\" data-parsley-credfilesize=\"2634022912\" data-wpt-type=\"textfield\" data-wpt-id=\"cred_form_7031_1_1_cred_form_7031_1_1_your-name\" data-wpt-name=\"wpcf-your-name\" \/>\r\n<\/div>\r\n\t<\/div>\r\n\t<div class=\"form-group\">\r\n\t\t<label>Eich Eb\u00f4st<\/label>\r\n\t\t<div class=\"js-wpt-field-items js-wpt-repetitive wpt-repetitive\" data-initial-conditional=\"\" data-item_name=\"email-wpcf-your-email\">\r\n<input type=\"text\" id=\"cred_form_7031_1_1_your-email\" name=\"wpcf-your-email\" value=\"\" class=\"form-control wpt-form-textfield form-textfield textfield\" output=\"bootstrap\" preset_value=\"\" urlparam=\"\" preview=\"\" previewsize=\"\" select_label=\"\" edit_label=\"\" value_escape=\"\" make_readonly=\"\" placeholder=\"\" select_text=\"\" data-wpt-type=\"textfield\" data-wpt-id=\"cred_form_7031_1_1_cred_form_7031_1_1_your-email\" data-wpt-name=\"wpcf-your-email\" \/>\r\n<\/div>\r\n      <div class=\"js-wpt-field-items js-wpt-repetitive wpt-repetitive\" data-initial-conditional=\"\" data-item_name=\"checkbox-wpcf-further-correspondence\"><ul class=\"wpt-form-set wpt-form-set-checkboxes wpt-form-set-checkboxes-wpcf-checkboxes-field\"><li class=\"wpt-form-item wpt-form-item-checkbox checkbox\"><label class=\"wpt-form-label wpt-form-checkbox-label\" for=\"wpcf-further-correspondence\">\r\n<input type=\"checkbox\" id=\"cred_form_7031_1_1_further-correspondence\" name=\"wpcf-further-correspondence\" data-wpt-type=\"checkbox\" data-wpt-id=\"cred_form_7031_1_1_cred_form_7031_1_1_further-correspondence\" data-wpt-name=\"wpcf-further-correspondence\" value=\"1\" class=\"form-control wpt-form-checkbox form-checkbox checkbox\" output=\"bootstrap\" preset_value=\"\" urlparam=\"\" preview=\"\" previewsize=\"\" select_label=\"\" edit_label=\"\" value_escape=\"\" make_readonly=\"\" placeholder=\"\" select_text=\"\" \/>\r\nCheck the box if you would like to be kept informed about our recording project<\/label><\/li><\/ul><input type=\"hidden\" name=\"_wptoolset_checkbox[cred_form_7031_1_1_wpcf-further-correspondence]\" value=\"1\" \/>\r\n\r\n<\/div>\r\n      <em>Nid oes rhaid rhoi eich cyfeiriad ebost, ond gallwn defnyddio i cysylltu a chi er mwyn gwirio eich cofnod, neu er mwyn rhoi gwybod i chi am ein prosiect.<\/em>\r\n\t<\/div>\r\n    <hr>\r\n\r\n\t<div class=\"form-group\">\r\n\t\t<label>Dyddiad y Gweliad*<\/label>\r\n\t\t<div class=\"js-wpt-field-items js-wpt-repetitive wpt-repetitive\" data-initial-conditional=\"\" data-item_name=\"date-wpcf-date-of-sighting\">\r\n<input type=\"text\" id=\"cred_form_7031_1_1_date-of-sightingdisplay-only\" name=\"wpcf-date-of-sighting[display-only]\" value=\"\" class=\"js-wpt-date form-control wpt-form-textfield form-textfield textfield\" style=\"\" readonly=\"readonly\" title=\"Select date\" placeholder=\"\" data-wpt-type=\"textfield\" data-wpt-id=\"cred_form_7031_1_1_cred_form_7031_1_1_date-of-sightingdisplay-only\" data-wpt-name=\"wpcf-date-of-sighting[display-only]\" \/>\r\n<input type=\"hidden\" id=\"cred_form_7031_1_1_date-of-sightingdatepicker\" name=\"wpcf-date-of-sighting[datepicker]\" value=\"\" class=\"js-wpt-date-auxiliar wpt-form-hidden form-hidden\" data-ts=\"\" data-wpt-type=\"date\" data-wpt-validate=\"{&quot;required&quot;:{&quot;args&quot;:{&quot;1&quot;:true},&quot;message&quot;:&quot;This field is required.&quot;},&quot;dateADODB_STAMP&quot;:{&quot;args&quot;:{&quot;1&quot;:true},&quot;message&quot;:&quot;Please enter a valid date.&quot;}}\" data-wpt-field-title=\"Date of Sighting&#042;\" data-parsley-required=\"true\" data-parsley-required-message=\"This field is required.\" data-parsley-credfilesize=\"2634022912\" data-wpt-id=\"cred_form_7031_1_1_cred_form_7031_1_1_date-of-sightingdatepicker\" data-wpt-name=\"wpcf-date-of-sighting[datepicker]\" \/><span role=\"button\" href=\"#\" class=\"js-wpt-date-clear wpt-date-clear dashicons-before dashicons-no\" style=\"display:none\" ><\/span><\/div>\r\n\t<\/div>\r\n\t<div class=\"form-group\">\r\n\t\t<label>Lleoliad*<\/label>\r\n\t\t<div class=\"js-wpt-field-items js-wpt-repetitive wpt-repetitive\" data-initial-conditional=\"\" data-item_name=\"google_address-wpcf-location\"><div class=\"toolset-google-map-container js-toolset-google-map-container\"><div class=\"toolset-google-map-inputs-container js-toolset-google-map-inputs-container\">\r\n\r\n<input type=\"text\" id=\"cred_form_7031_1_1_location\" name=\"wpcf-location\" value=\"\" class=\"form-control toolset-google-map js-toolset-google-map js-toolset-maps-address-autocomplete wpt-form-textfield form-textfield textfield\" output=\"bootstrap\" preset_value=\"\" urlparam=\"\" preview=\"\" previewsize=\"\" select_label=\"\" edit_label=\"\" value_escape=\"\" make_readonly=\"\" placeholder=\"Enter address\" select_text=\"\" data-coordinates=\"\" data-wpt-validate=\"{&quot;required&quot;:{&quot;args&quot;:{&quot;1&quot;:true},&quot;message&quot;:&quot;This field is required.&quot;}}\" data-wpt-field-title=\"Location\" data-parsley-required=\"true\" data-parsley-required-message=\"This field is required.\" data-parsley-credfilesize=\"2634022912\" data-wpt-type=\"textfield\" data-wpt-id=\"cred_form_7031_1_1_cred_form_7031_1_1_location\" data-wpt-name=\"wpcf-location\" \/><\/div><\/div>\r\n\r\n<\/div>\r\n      <ol>\r\n        <li>Rhowch yr anheddiad agosaf neu c\u00f4d post. Bydd pin yn arddangos yn y map uchod.<\/li>\r\n        <li>Gallwch symyd y pin i\u2019r union lleoliad eich gweliad. Mae\u2019r golwg \u201clloeren\u201d (pen chwith) yn dangos nodweddion tirwedd.<\/li>\r\n        <li>Neu, cliciwch \u201cDangos cyfesurynnau\u201d er mwyn gosod y lledred\/ hydred (i.e. 52.175021, -3.749333).<\/li>\r\n      <\/ol>\r\n\t\tN.B. Os oes gennych cyfeirnod grid, gallwch <a href=\"JavaScript:newPopup('http:\/\/gridreferencefinder.com');\">trosglwyddo i lledred\/ hydred yma<a\/> (cipiwch a gludiwch eich canlyniadau yn y b\u00f4cs uchod).\r\n<script type=\"text\/javascript\">\r\n\/\/ Popup window code\r\nfunction newPopup(url) {\r\n\tpopupWindow = window.open(\r\n\t\turl,'popUpWindow','height=500,width=700,left=10,top=10,resizable=yes,scrollbars=yes,toolbar=yes,menubar=no,location=no,directories=no,status=yes')\r\n}\r\n<\/script>\r\n\t<\/div>\r\n\t<div class=\"form-group\">\r\n\t\t<label>Cyfeirnod Grid<\/label>\r\n\t\t<div class=\"js-wpt-field-items js-wpt-repetitive wpt-repetitive\" data-initial-conditional=\"\" data-item_name=\"textfield-wpcf-grid-reference\">\r\n<input type=\"text\" id=\"cred_form_7031_1_1_grid-reference\" name=\"wpcf-grid-reference\" value=\"\" class=\"form-control wpt-form-textfield form-textfield textfield\" output=\"bootstrap\" preset_value=\"\" urlparam=\"\" preview=\"\" previewsize=\"\" select_label=\"\" edit_label=\"\" value_escape=\"\" make_readonly=\"\" placeholder=\"\" select_text=\"\" data-wpt-type=\"textfield\" data-wpt-id=\"cred_form_7031_1_1_cred_form_7031_1_1_grid-reference\" data-wpt-name=\"wpcf-grid-reference\" \/>\r\n<\/div>\r\n\t<\/div>\r\n\t<div class=\"form-group\">\r\n\t\t<label>Ffotograff eich gweliad<\/label>\r\n\t\t<div class=\"js-wpt-field-items js-wpt-repetitive wpt-repetitive\" data-initial-conditional=\"\" data-item_name=\"credimage-_featured_image\">\r\n\r\n<input type=\"file\" id=\"cred_form_7031_1_1__featured_image\" name=\"_featured_image\" class=\"wpt-credfile-upload-file js-wpt-credfile-upload-file js-toolset-media-input-file-upload  wpt-form-file form-file file\" alt=\"\" res=\"\" style=\"\" data-wpt-validate=\"{&quot;mime_type&quot;:{&quot;args&quot;:[&quot;image\\\/jpeg|image\\\/gif|image\\\/png|image\\\/bmp|image\\\/tiff|image\\\/webp|image\\\/avif|image\\\/x-icon|image\\\/heic|image\\\/heif|image\\\/heic-sequence|image\\\/heif-sequence&quot;],&quot;message&quot;:&quot;You can only upload an image file&quot;},&quot;extension&quot;:{&quot;args&quot;:[&quot;jpg|jpeg|jpe|gif|png|bmp|tiff|tif|webp|avif|ico|heic|heif|heics|heifs&quot;],&quot;message&quot;:&quot;You can only upload an image file&quot;},&quot;credfilesize&quot;:{&quot;args&quot;:[2634022912],&quot;message&quot;:&quot;You cannot upload a file of this size&quot;},&quot;credfiletype&quot;:{&quot;args&quot;:[&quot;image&quot;],&quot;message&quot;:&quot;You can only upload an image file&quot;}}\" data-wpt-field-title=\"Featured Image\" data-parsley-extension=\"jpg|jpeg|jpe|gif|png|bmp|tiff|tif|webp|avif|ico|heic|heif|heics|heifs\" data-parsley-credfilesize=\"2634022912\" data-parsley-credfiletype=\"image\" data-wpt-type=\"file\" data-wpt-id=\"cred_form_7031_1_1_cred_form_7031_1_1__featured_image\" data-wpt-name=\"_featured_image\" \/>\r\n<input type=\"hidden\" id=\"cred_form_7031_1_1__featured_image_hidden\" name=\"_featured_image\" value=\"\" class=\"js-wpv-credfile-hidden wpt-form-hidden form-hidden\" data-wpt-type=\"file\" data-wpt-id=\"cred_form_7031_1_1_cred_form_7031_1_1__featured_image_hidden\" data-wpt-name=\"_featured_image\" \/><span class=\"wpt-credfile-preview js-wpt-credfile-preview js-toolset-media-field-preview\" style=\"margin-bottom:10px;display:none;\"><span class=\"wpt-credfile-preview-item js-wpt-credfile-preview-item js-toolset-media-field-preview-item\"><\/span><\/span><div class=\"wpt-credfile-action js-wpt-credfile-action js-toolset-media-field-action\"><span role=\"button\" data-action=\"delete\" class=\"dashicons-before dashicons-no wpt-credfile-delete js-wpt-credfile-delete js-toolset-media-basic-field-delete\" title=\"Clear value\" style=\"display:none;\"><\/span><\/div><\/div>\r\n\t<\/div>\r\n\t<input type=\"submit\" id=\"cred_form_7031_1_1_form_submit_1\" name=\"form_submit_1\" value=\"Submit\" class=\"btn btn-primary btn-lg wpt-form-submit form-submit submit\" \/>\r\n<input type=\"hidden\" id=\"cred_form_7031_1_1__cred_cred_prefix_post_id\" name=\"_cred_cred_prefix_post_id\" value=\"68464\" class=\"wpt-form-hidden form-hidden\" data-wpt-id=\"cred_form_7031_1_1_cred_form_7031_1_1__cred_cred_prefix_post_id\" data-wpt-name=\"_cred_cred_prefix_post_id\" \/><input type=\"hidden\" id=\"cred_form_7031_1_1__cred_cred_prefix_cred_container_id\" name=\"_cred_cred_prefix_cred_container_id\" value=\"7043\" class=\"wpt-form-hidden form-hidden\" data-wpt-id=\"cred_form_7031_1_1_cred_form_7031_1_1__cred_cred_prefix_cred_container_id\" data-wpt-name=\"_cred_cred_prefix_cred_container_id\" \/><input type=\"hidden\" id=\"cred_form_7031_1_1__cred_cred_prefix_form_id\" name=\"_cred_cred_prefix_form_id\" value=\"7031\" class=\"wpt-form-hidden form-hidden\" data-wpt-id=\"cred_form_7031_1_1_cred_form_7031_1_1__cred_cred_prefix_form_id\" data-wpt-name=\"_cred_cred_prefix_form_id\" \/><input type=\"hidden\" id=\"cred_form_7031_1_1__cred_cred_prefix_form_count\" name=\"_cred_cred_prefix_form_count\" value=\"1\" class=\"wpt-form-hidden form-hidden\" data-wpt-id=\"cred_form_7031_1_1_cred_form_7031_1_1__cred_cred_prefix_form_count\" data-wpt-name=\"_cred_cred_prefix_form_count\" \/><\/form>\r\n    <em style=\"font-size:0.9rem\">Trwy gyflwyno gwybodaeth ar y ffurflen hon rydych yn cytuno y gellir ei choladu a'i lledaenu \u00e2 llaw neu'n electronig, gan gynnwys dros y rhyngrwyd, ar gyfer gwneud penderfyniadau amgylcheddol, addysg, ymchwil a defnyddiau budd cyhoeddus eraill. Bydd eich enw yn rhan o'r cofnod sy'n cael ei goladu a'i ledaenu. Bydd manylion cyswllt yn cael eu cadw ar gronfa ddata gyfrifiadurol a reolir gan a'i throsglwyddo i'r Ganolfan Gofnodion Lleol briodol, ond ni ch\u00e2nt eu trosglwyddo i unrhyw drydydd part\u00efon eraill heb eich caniat\u00e2d.<\/em>\r\n  <\/div>\r\n  \r\n<\/div>\n","protected":false},"excerpt":{"rendered":"","protected":false},"author":7,"featured_media":6974,"parent":1594,"menu_order":0,"comment_status":"closed","ping_status":"closed","template":"page-templates\/full-width.php","meta":{"footnotes":""},"class_list":["post-7043","page","type-page","status-publish","has-post-thumbnail","hentry"],"yoast_head":"<!-- This site is optimized with the Yoast SEO plugin v27.4 - https:\/\/yoast.com\/product\/yoast-seo-wordpress\/ -->\n<title>Cofnodwch eich gweliad Helys Pigog - Canolfan Gwybodaeth Bioamrywiaeth Gorllewin Cymru<\/title>\n<meta name=\"robots\" content=\"index, follow, max-snippet:-1, max-image-preview:large, max-video-preview:-1\" \/>\n<link rel=\"canonical\" href=\"https:\/\/www.wwbic.org.uk\/cy\/cofnodi-bywyd-gwyllt\/cofnodwch-eich-gweliad-helys-pigog\/\" \/>\n<meta property=\"og:locale\" content=\"cy_GB\" \/>\n<meta property=\"og:type\" content=\"article\" \/>\n<meta property=\"og:title\" content=\"Cofnodwch eich gweliad Helys Pigog - Canolfan Gwybodaeth Bioamrywiaeth Gorllewin Cymru\" \/>\n<meta property=\"og:url\" content=\"https:\/\/www.wwbic.org.uk\/cy\/cofnodi-bywyd-gwyllt\/cofnodwch-eich-gweliad-helys-pigog\/\" \/>\n<meta property=\"og:site_name\" content=\"Canolfan Gwybodaeth Bioamrywiaeth Gorllewin Cymru\" \/>\n<meta property=\"article:modified_time\" content=\"2021-05-11T13:23:36+00:00\" \/>\n<meta property=\"og:image\" content=\"https:\/\/www.wwbic.org.uk\/wp-content\/uploads\/2021\/05\/Prickly-Saltwort-Judith-Oakley_resized_1.jpg\" \/>\n\t<meta property=\"og:image:width\" content=\"600\" \/>\n\t<meta property=\"og:image:height\" content=\"490\" \/>\n\t<meta property=\"og:image:type\" content=\"image\/jpeg\" \/>\n<meta name=\"twitter:label1\" content=\"Est. reading time\" \/>\n\t<meta name=\"twitter:data1\" content=\"1 minute\" \/>\n<script type=\"application\/ld+json\" class=\"yoast-schema-graph\">{\"@context\":\"https:\\\/\\\/schema.org\",\"@graph\":[{\"@type\":\"WebPage\",\"@id\":\"https:\\\/\\\/www.wwbic.org.uk\\\/cy\\\/cofnodi-bywyd-gwyllt\\\/cofnodwch-eich-gweliad-helys-pigog\\\/\",\"url\":\"https:\\\/\\\/www.wwbic.org.uk\\\/cy\\\/cofnodi-bywyd-gwyllt\\\/cofnodwch-eich-gweliad-helys-pigog\\\/\",\"name\":\"Cofnodwch eich gweliad Helys Pigog - Canolfan Gwybodaeth Bioamrywiaeth Gorllewin Cymru\",\"isPartOf\":{\"@id\":\"https:\\\/\\\/www.wwbic.org.uk\\\/#website\"},\"primaryImageOfPage\":{\"@id\":\"https:\\\/\\\/www.wwbic.org.uk\\\/cy\\\/cofnodi-bywyd-gwyllt\\\/cofnodwch-eich-gweliad-helys-pigog\\\/#primaryimage\"},\"image\":{\"@id\":\"https:\\\/\\\/www.wwbic.org.uk\\\/cy\\\/cofnodi-bywyd-gwyllt\\\/cofnodwch-eich-gweliad-helys-pigog\\\/#primaryimage\"},\"thumbnailUrl\":\"https:\\\/\\\/www.wwbic.org.uk\\\/wp-content\\\/uploads\\\/2021\\\/05\\\/Prickly-Saltwort-Judith-Oakley_resized_1.jpg\",\"datePublished\":\"2021-05-11T13:21:20+00:00\",\"dateModified\":\"2021-05-11T13:23:36+00:00\",\"breadcrumb\":{\"@id\":\"https:\\\/\\\/www.wwbic.org.uk\\\/cy\\\/cofnodi-bywyd-gwyllt\\\/cofnodwch-eich-gweliad-helys-pigog\\\/#breadcrumb\"},\"inLanguage\":\"cy-GB\",\"potentialAction\":[{\"@type\":\"ReadAction\",\"target\":[\"https:\\\/\\\/www.wwbic.org.uk\\\/cy\\\/cofnodi-bywyd-gwyllt\\\/cofnodwch-eich-gweliad-helys-pigog\\\/\"]}]},{\"@type\":\"ImageObject\",\"inLanguage\":\"cy-GB\",\"@id\":\"https:\\\/\\\/www.wwbic.org.uk\\\/cy\\\/cofnodi-bywyd-gwyllt\\\/cofnodwch-eich-gweliad-helys-pigog\\\/#primaryimage\",\"url\":\"https:\\\/\\\/www.wwbic.org.uk\\\/wp-content\\\/uploads\\\/2021\\\/05\\\/Prickly-Saltwort-Judith-Oakley_resized_1.jpg\",\"contentUrl\":\"https:\\\/\\\/www.wwbic.org.uk\\\/wp-content\\\/uploads\\\/2021\\\/05\\\/Prickly-Saltwort-Judith-Oakley_resized_1.jpg\",\"width\":600,\"height\":490,\"caption\":\"Prickly Saltwort\"},{\"@type\":\"BreadcrumbList\",\"@id\":\"https:\\\/\\\/www.wwbic.org.uk\\\/cy\\\/cofnodi-bywyd-gwyllt\\\/cofnodwch-eich-gweliad-helys-pigog\\\/#breadcrumb\",\"itemListElement\":[{\"@type\":\"ListItem\",\"position\":1,\"name\":\"Home\",\"item\":\"https:\\\/\\\/www.wwbic.org.uk\\\/cy\\\/\"},{\"@type\":\"ListItem\",\"position\":2,\"name\":\"Cofnodi Bywyd Gwyllt\",\"item\":\"https:\\\/\\\/www.wwbic.org.uk\\\/cy\\\/cofnodi-bywyd-gwyllt\\\/\"},{\"@type\":\"ListItem\",\"position\":3,\"name\":\"Cofnodwch eich gweliad Helys Pigog\"}]},{\"@type\":\"WebSite\",\"@id\":\"https:\\\/\\\/www.wwbic.org.uk\\\/#website\",\"url\":\"https:\\\/\\\/www.wwbic.org.uk\\\/\",\"name\":\"Canolfan Gwybodaeth Bioamrywiaeth Gorllewin Cymru\",\"description\":\"\",\"publisher\":{\"@id\":\"https:\\\/\\\/www.wwbic.org.uk\\\/#organization\"},\"potentialAction\":[{\"@type\":\"SearchAction\",\"target\":{\"@type\":\"EntryPoint\",\"urlTemplate\":\"https:\\\/\\\/www.wwbic.org.uk\\\/?s={search_term_string}\"},\"query-input\":{\"@type\":\"PropertyValueSpecification\",\"valueRequired\":true,\"valueName\":\"search_term_string\"}}],\"inLanguage\":\"cy-GB\"},{\"@type\":\"Organization\",\"@id\":\"https:\\\/\\\/www.wwbic.org.uk\\\/#organization\",\"name\":\"WWBIC\",\"url\":\"https:\\\/\\\/www.wwbic.org.uk\\\/\",\"logo\":{\"@type\":\"ImageObject\",\"inLanguage\":\"cy-GB\",\"@id\":\"https:\\\/\\\/www.wwbic.org.uk\\\/#\\\/schema\\\/logo\\\/image\\\/\",\"url\":\"https:\\\/\\\/www.wwbic.org.uk\\\/wp-content\\\/uploads\\\/2015\\\/03\\\/WWBIC-logo-w-text.png\",\"contentUrl\":\"https:\\\/\\\/www.wwbic.org.uk\\\/wp-content\\\/uploads\\\/2015\\\/03\\\/WWBIC-logo-w-text.png\",\"width\":138,\"height\":140,\"caption\":\"WWBIC\"},\"image\":{\"@id\":\"https:\\\/\\\/www.wwbic.org.uk\\\/#\\\/schema\\\/logo\\\/image\\\/\"}}]}<\/script>\n<!-- \/ Yoast SEO plugin. -->","yoast_head_json":{"title":"Cofnodwch eich gweliad Helys Pigog - Canolfan Gwybodaeth Bioamrywiaeth Gorllewin Cymru","robots":{"index":"index","follow":"follow","max-snippet":"max-snippet:-1","max-image-preview":"max-image-preview:large","max-video-preview":"max-video-preview:-1"},"canonical":"https:\/\/www.wwbic.org.uk\/cy\/cofnodi-bywyd-gwyllt\/cofnodwch-eich-gweliad-helys-pigog\/","og_locale":"cy_GB","og_type":"article","og_title":"Cofnodwch eich gweliad Helys Pigog - Canolfan Gwybodaeth Bioamrywiaeth Gorllewin Cymru","og_url":"https:\/\/www.wwbic.org.uk\/cy\/cofnodi-bywyd-gwyllt\/cofnodwch-eich-gweliad-helys-pigog\/","og_site_name":"Canolfan Gwybodaeth Bioamrywiaeth Gorllewin Cymru","article_modified_time":"2021-05-11T13:23:36+00:00","og_image":[{"width":600,"height":490,"url":"https:\/\/www.wwbic.org.uk\/wp-content\/uploads\/2021\/05\/Prickly-Saltwort-Judith-Oakley_resized_1.jpg","type":"image\/jpeg"}],"twitter_misc":{"Est. reading time":"1 minute"},"schema":{"@context":"https:\/\/schema.org","@graph":[{"@type":"WebPage","@id":"https:\/\/www.wwbic.org.uk\/cy\/cofnodi-bywyd-gwyllt\/cofnodwch-eich-gweliad-helys-pigog\/","url":"https:\/\/www.wwbic.org.uk\/cy\/cofnodi-bywyd-gwyllt\/cofnodwch-eich-gweliad-helys-pigog\/","name":"Cofnodwch eich gweliad Helys Pigog - Canolfan Gwybodaeth Bioamrywiaeth Gorllewin Cymru","isPartOf":{"@id":"https:\/\/www.wwbic.org.uk\/#website"},"primaryImageOfPage":{"@id":"https:\/\/www.wwbic.org.uk\/cy\/cofnodi-bywyd-gwyllt\/cofnodwch-eich-gweliad-helys-pigog\/#primaryimage"},"image":{"@id":"https:\/\/www.wwbic.org.uk\/cy\/cofnodi-bywyd-gwyllt\/cofnodwch-eich-gweliad-helys-pigog\/#primaryimage"},"thumbnailUrl":"https:\/\/www.wwbic.org.uk\/wp-content\/uploads\/2021\/05\/Prickly-Saltwort-Judith-Oakley_resized_1.jpg","datePublished":"2021-05-11T13:21:20+00:00","dateModified":"2021-05-11T13:23:36+00:00","breadcrumb":{"@id":"https:\/\/www.wwbic.org.uk\/cy\/cofnodi-bywyd-gwyllt\/cofnodwch-eich-gweliad-helys-pigog\/#breadcrumb"},"inLanguage":"cy-GB","potentialAction":[{"@type":"ReadAction","target":["https:\/\/www.wwbic.org.uk\/cy\/cofnodi-bywyd-gwyllt\/cofnodwch-eich-gweliad-helys-pigog\/"]}]},{"@type":"ImageObject","inLanguage":"cy-GB","@id":"https:\/\/www.wwbic.org.uk\/cy\/cofnodi-bywyd-gwyllt\/cofnodwch-eich-gweliad-helys-pigog\/#primaryimage","url":"https:\/\/www.wwbic.org.uk\/wp-content\/uploads\/2021\/05\/Prickly-Saltwort-Judith-Oakley_resized_1.jpg","contentUrl":"https:\/\/www.wwbic.org.uk\/wp-content\/uploads\/2021\/05\/Prickly-Saltwort-Judith-Oakley_resized_1.jpg","width":600,"height":490,"caption":"Prickly Saltwort"},{"@type":"BreadcrumbList","@id":"https:\/\/www.wwbic.org.uk\/cy\/cofnodi-bywyd-gwyllt\/cofnodwch-eich-gweliad-helys-pigog\/#breadcrumb","itemListElement":[{"@type":"ListItem","position":1,"name":"Home","item":"https:\/\/www.wwbic.org.uk\/cy\/"},{"@type":"ListItem","position":2,"name":"Cofnodi Bywyd Gwyllt","item":"https:\/\/www.wwbic.org.uk\/cy\/cofnodi-bywyd-gwyllt\/"},{"@type":"ListItem","position":3,"name":"Cofnodwch eich gweliad Helys Pigog"}]},{"@type":"WebSite","@id":"https:\/\/www.wwbic.org.uk\/#website","url":"https:\/\/www.wwbic.org.uk\/","name":"Canolfan Gwybodaeth Bioamrywiaeth Gorllewin Cymru","description":"","publisher":{"@id":"https:\/\/www.wwbic.org.uk\/#organization"},"potentialAction":[{"@type":"SearchAction","target":{"@type":"EntryPoint","urlTemplate":"https:\/\/www.wwbic.org.uk\/?s={search_term_string}"},"query-input":{"@type":"PropertyValueSpecification","valueRequired":true,"valueName":"search_term_string"}}],"inLanguage":"cy-GB"},{"@type":"Organization","@id":"https:\/\/www.wwbic.org.uk\/#organization","name":"WWBIC","url":"https:\/\/www.wwbic.org.uk\/","logo":{"@type":"ImageObject","inLanguage":"cy-GB","@id":"https:\/\/www.wwbic.org.uk\/#\/schema\/logo\/image\/","url":"https:\/\/www.wwbic.org.uk\/wp-content\/uploads\/2015\/03\/WWBIC-logo-w-text.png","contentUrl":"https:\/\/www.wwbic.org.uk\/wp-content\/uploads\/2015\/03\/WWBIC-logo-w-text.png","width":138,"height":140,"caption":"WWBIC"},"image":{"@id":"https:\/\/www.wwbic.org.uk\/#\/schema\/logo\/image\/"}}]}},"_links":{"self":[{"href":"https:\/\/www.wwbic.org.uk\/cy\/wp-json\/wp\/v2\/pages\/7043","targetHints":{"allow":["GET"]}}],"collection":[{"href":"https:\/\/www.wwbic.org.uk\/cy\/wp-json\/wp\/v2\/pages"}],"about":[{"href":"https:\/\/www.wwbic.org.uk\/cy\/wp-json\/wp\/v2\/types\/page"}],"author":[{"embeddable":true,"href":"https:\/\/www.wwbic.org.uk\/cy\/wp-json\/wp\/v2\/users\/7"}],"replies":[{"embeddable":true,"href":"https:\/\/www.wwbic.org.uk\/cy\/wp-json\/wp\/v2\/comments?post=7043"}],"version-history":[{"count":0,"href":"https:\/\/www.wwbic.org.uk\/cy\/wp-json\/wp\/v2\/pages\/7043\/revisions"}],"up":[{"embeddable":true,"href":"https:\/\/www.wwbic.org.uk\/cy\/wp-json\/wp\/v2\/pages\/1594"}],"wp:featuredmedia":[{"embeddable":true,"href":"https:\/\/www.wwbic.org.uk\/cy\/wp-json\/wp\/v2\/media\/6974"}],"wp:attachment":[{"href":"https:\/\/www.wwbic.org.uk\/cy\/wp-json\/wp\/v2\/media?parent=7043"}],"curies":[{"name":"wp","href":"https:\/\/api.w.org\/{rel}","templated":true}]}}